{"id":1526,"date":"2025-04-07T09:42:22","date_gmt":"2025-04-07T07:42:22","guid":{"rendered":"https:\/\/cm.gca-digital.fr\/AliceD\/?page_id=1526"},"modified":"2025-04-07T09:45:40","modified_gmt":"2025-04-07T07:45:40","slug":"cgv","status":"publish","type":"page","link":"https:\/\/cm.gca-digital.fr\/AliceD\/cgv\/","title":{"rendered":"CGV"},"content":{"rendered":"\t\t<div data-elementor-type=\"wp-page\" data-elementor-id=\"1526\" class=\"elementor elementor-1526\">\n\t\t\t\t<div class=\"elementor-element elementor-element-87b744a e-flex e-con-boxed e-con e-parent\" data-id=\"87b744a\" data-element_type=\"container\">\n\t\t\t\t\t<div class=\"e-con-inner\">\n\t\t\t\t<div class=\"elementor-element elementor-element-7ae97c5 elementor-widget elementor-widget-text-editor\" data-id=\"7ae97c5\" data-element_type=\"widget\" data-widget_type=\"text-editor.default\">\n\t\t\t\t<div class=\"elementor-widget-container\">\n\t\t\t\t\t\t\t\t\t<h2 class=\"\" data-start=\"362\" data-end=\"400\">Conditions G\u00e9n\u00e9rales de Vente (CGV)<\/h2><p class=\"\" data-start=\"402\" data-end=\"435\"><strong data-start=\"402\" data-end=\"435\">Derni\u00e8re mise \u00e0 jour : [date]<\/strong><\/p><p class=\"\" data-start=\"437\" data-end=\"546\">Les pr\u00e9sentes Conditions G\u00e9n\u00e9rales de Vente (ci-apr\u00e8s \u00ab CGV \u00bb) r\u00e9gissent les relations contractuelles entre :<\/p><p class=\"\" data-start=\"548\" data-end=\"731\"><strong data-start=\"548\" data-end=\"597\">[Nom de la soci\u00e9t\u00e9 \/ de l&rsquo;exploitant du site]<\/strong><br data-start=\"597\" data-end=\"600\" \/>[Forme juridique (ex : auto-entrepreneur \/ SAS \/ SARL), capital social, si\u00e8ge social, SIRET, RCS, etc.]<br data-start=\"703\" data-end=\"706\" \/>(ci-apr\u00e8s \u00ab le Vendeur \u00bb)<\/p><p class=\"\" data-start=\"733\" data-end=\"735\">et<\/p><p class=\"\" data-start=\"737\" data-end=\"872\">Toute personne physique ou morale souhaitant effectuer un achat via le site internet <strong data-start=\"822\" data-end=\"845\">[Nom du site \/ URL]<\/strong><br data-start=\"845\" data-end=\"848\" \/>(ci-apr\u00e8s \u00ab le Client \u00bb)<\/p><hr class=\"\" data-start=\"874\" data-end=\"877\" \/><h3 class=\"\" data-start=\"879\" data-end=\"891\">1. Objet<\/h3><p class=\"\" data-start=\"893\" data-end=\"1060\">Les pr\u00e9sentes CGV visent \u00e0 d\u00e9finir les droits et obligations des parties dans le cadre de la vente en ligne de biens d&rsquo;occasion (seconde main) propos\u00e9s par le Vendeur.<\/p><hr class=\"\" data-start=\"1062\" data-end=\"1065\" \/><h3 class=\"\" data-start=\"1067\" data-end=\"1082\">2. Produits<\/h3><p class=\"\" data-start=\"1084\" data-end=\"1325\">Les produits propos\u00e9s \u00e0 la vente sont des <strong data-start=\"1126\" data-end=\"1154\">articles de seconde main<\/strong> (v\u00eatements, accessoires, objets, etc.) soigneusement s\u00e9lectionn\u00e9s et d\u00e9crits avec pr\u00e9cision. Chaque article est unique et vendu dans l\u2019\u00e9tat pr\u00e9cis\u00e9 dans la fiche produit.<\/p><p class=\"\" data-start=\"1327\" data-end=\"1477\">Les photographies et descriptions des produits sont les plus fid\u00e8les possibles, mais ne peuvent assurer une similitude parfaite avec le produit livr\u00e9.<\/p><hr class=\"\" data-start=\"1479\" data-end=\"1482\" \/><h3 class=\"\" data-start=\"1484\" data-end=\"1504\">3. Disponibilit\u00e9<\/h3><p class=\"\" data-start=\"1506\" data-end=\"1715\">Les articles sont propos\u00e9s \u00e0 la vente dans la limite des stocks disponibles. En cas d&rsquo;indisponibilit\u00e9 apr\u00e8s validation de la commande, le Client sera inform\u00e9 par e-mail et rembours\u00e9 dans les plus brefs d\u00e9lais.<\/p><hr class=\"\" data-start=\"1717\" data-end=\"1720\" \/><h3 class=\"\" data-start=\"1722\" data-end=\"1733\">4. Prix<\/h3><p class=\"\" data-start=\"1735\" data-end=\"2002\">Les prix sont indiqu\u00e9s en euros (\u20ac), toutes taxes comprises (TTC), hors frais de livraison.<br data-start=\"1826\" data-end=\"1829\" \/>Le Vendeur se r\u00e9serve le droit de modifier ses prix \u00e0 tout moment, mais les produits sont factur\u00e9s sur la base du tarif en vigueur au moment de la validation de la commande.<\/p><hr class=\"\" data-start=\"2004\" data-end=\"2007\" \/><h3 class=\"\" data-start=\"2009\" data-end=\"2024\">5. Commande<\/h3><p class=\"\" data-start=\"2026\" data-end=\"2166\">La commande s\u2019effectue directement sur le site. Toute commande vaut acceptation des prix et description des produits disponibles \u00e0 la vente.<\/p><p class=\"\" data-start=\"2168\" data-end=\"2253\">Le Vendeur confirmera l\u2019acceptation de la commande au Client par l\u2019envoi d\u2019un e-mail.<\/p><hr class=\"\" data-start=\"2255\" data-end=\"2258\" \/><h3 class=\"\" data-start=\"2260\" data-end=\"2275\">6. Paiement<\/h3><p class=\"\" data-start=\"2277\" data-end=\"2336\">Le paiement s\u2019effectue en ligne via les moyens suivants :<\/p><ul data-start=\"2337\" data-end=\"2413\"><li class=\"\" data-start=\"2337\" data-end=\"2380\"><p class=\"\" data-start=\"2339\" data-end=\"2380\">Carte bancaire (Visa, Mastercard, etc.)<\/p><\/li><li class=\"\" data-start=\"2381\" data-end=\"2391\"><p class=\"\" data-start=\"2383\" data-end=\"2391\">PayPal<\/p><\/li><li class=\"\" data-start=\"2392\" data-end=\"2413\"><p class=\"\" data-start=\"2394\" data-end=\"2413\">Autres (\u00e0 pr\u00e9ciser)<\/p><\/li><\/ul><p class=\"\" data-start=\"2415\" data-end=\"2502\">Le paiement est exigible imm\u00e9diatement \u00e0 la commande. Les transactions sont s\u00e9curis\u00e9es.<\/p><hr class=\"\" data-start=\"2504\" data-end=\"2507\" \/><h3 class=\"\" data-start=\"2509\" data-end=\"2525\">7. Livraison<\/h3><p class=\"\" data-start=\"2527\" data-end=\"2641\">Les produits sont livr\u00e9s \u00e0 l\u2019adresse indiqu\u00e9e par le Client lors de la commande.<br data-start=\"2607\" data-end=\"2610\" \/>Modes de livraison propos\u00e9s :<\/p><ul data-start=\"2642\" data-end=\"2739\"><li class=\"\" data-start=\"2642\" data-end=\"2697\"><p class=\"\" data-start=\"2644\" data-end=\"2697\">Livraison standard (Colissimo, Mondial Relay, etc.)<\/p><\/li><li class=\"\" data-start=\"2698\" data-end=\"2739\"><p class=\"\" data-start=\"2700\" data-end=\"2739\">Retrait en point relais (si applicable)<\/p><\/li><\/ul><p class=\"\" data-start=\"2741\" data-end=\"2865\">D\u00e9lais de livraison : entre 3 et 7 jours ouvr\u00e9s en moyenne.<br data-start=\"2800\" data-end=\"2803\" \/>Les frais de livraison sont indiqu\u00e9s au moment de la commande.<\/p><hr class=\"\" data-start=\"2867\" data-end=\"2870\" \/><h3 class=\"\" data-start=\"2872\" data-end=\"2900\">8. Droit de r\u00e9tractation<\/h3><p class=\"\" data-start=\"2902\" data-end=\"3176\">Conform\u00e9ment \u00e0 l\u2019article L.221-18 du Code de la consommation, le Client dispose d\u2019un d\u00e9lai de <strong data-start=\"2996\" data-end=\"3008\">14 jours<\/strong> \u00e0 compter de la r\u00e9ception du produit pour exercer son droit de r\u00e9tractation, <strong data-start=\"3086\" data-end=\"3175\">sauf indication contraire pour des articles personnalis\u00e9s ou hygi\u00e9niquement sensibles<\/strong>.<\/p><p class=\"\" data-start=\"3178\" data-end=\"3321\">Les frais de retour sont \u00e0 la charge du Client. Le remboursement interviendra dans un d\u00e9lai de 14 jours apr\u00e8s r\u00e9ception des articles retourn\u00e9s.<\/p><hr class=\"\" data-start=\"3323\" data-end=\"3326\" \/><h3 class=\"\" data-start=\"3328\" data-end=\"3362\">9. Garanties et responsabilit\u00e9<\/h3><p class=\"\" data-start=\"3364\" data-end=\"3569\">Les articles vendus \u00e9tant de seconde main, ils ne b\u00e9n\u00e9ficient pas des garanties l\u00e9gales de conformit\u00e9 comme des produits neufs. Toutefois, le Vendeur s\u2019engage \u00e0 livrer un produit conforme \u00e0 sa description.<\/p><p class=\"\" data-start=\"3571\" data-end=\"3710\">La responsabilit\u00e9 du Vendeur ne pourra \u00eatre engag\u00e9e en cas de force majeure ou de faute du Client (mauvaise utilisation, n\u00e9gligence, etc.).<\/p><hr class=\"\" data-start=\"3712\" data-end=\"3715\" \/><h3 class=\"\" data-start=\"3717\" data-end=\"3745\">10. Donn\u00e9es personnelles<\/h3><p class=\"\" data-start=\"3747\" data-end=\"3974\">Les informations collect\u00e9es sont n\u00e9cessaires \u00e0 la gestion des commandes et \u00e0 la relation commerciale.<br data-start=\"3848\" data-end=\"3851\" \/>Conform\u00e9ment au RGPD, le Client dispose d\u2019un droit d\u2019acc\u00e8s, de rectification et de suppression de ses donn\u00e9es personnelles.<\/p><hr class=\"\" data-start=\"3976\" data-end=\"3979\" \/><h3 class=\"\" data-start=\"3981\" data-end=\"4013\">11. Propri\u00e9t\u00e9 intellectuelle<\/h3><p class=\"\" data-start=\"4015\" data-end=\"4181\">Tous les \u00e9l\u00e9ments du site (textes, images, graphismes, logo, etc.) sont la propri\u00e9t\u00e9 du Vendeur.<br data-start=\"4111\" data-end=\"4114\" \/>Toute reproduction ou exploitation sans autorisation est interdite.<\/p><hr class=\"\" data-start=\"4183\" data-end=\"4186\" \/><h3 class=\"\" data-start=\"4188\" data-end=\"4212\">12. Droit applicable<\/h3><p class=\"\" data-start=\"4214\" data-end=\"4433\">Les pr\u00e9sentes CGV sont soumises au droit fran\u00e7ais.<br data-start=\"4264\" data-end=\"4267\" \/>En cas de litige, une solution amiable sera recherch\u00e9e avant toute action judiciaire. \u00c0 d\u00e9faut, les tribunaux comp\u00e9tents seront ceux du lieu du domicile du d\u00e9fendeur.<\/p>\t\t\t\t\t\t\t\t<\/div>\n\t\t\t\t<\/div>\n\t\t\t\t\t<\/div>\n\t\t\t\t<\/div>\n\t\t\t\t<\/div>\n\t\t","protected":false},"excerpt":{"rendered":"<p>Conditions G\u00e9n\u00e9rales de Vente (CGV) Derni\u00e8re mise \u00e0 jour : [date] Les pr\u00e9sentes Conditions G\u00e9n\u00e9rales de Vente (ci-apr\u00e8s \u00ab CGV \u00bb) r\u00e9gissent les relations contractuelles entre : [Nom de la soci\u00e9t\u00e9 \/ de l&rsquo;exploitant du site][Forme juridique (ex : auto-entrepreneur \/ SAS \/ SARL), capital social, si\u00e8ge social, SIRET, RCS, etc.](ci-apr\u00e8s \u00ab le Vendeur \u00bb) [&hellip;]<\/p>\n","protected":false},"author":1,"featured_media":0,"parent":0,"menu_order":0,"comment_status":"closed","ping_status":"closed","template":"","meta":{"ocean_post_layout":"","ocean_both_sidebars_style":"","ocean_both_sidebars_content_width":0,"ocean_both_sidebars_sidebars_width":0,"ocean_sidebar":"","ocean_second_sidebar":"","ocean_disable_margins":"enable","ocean_add_body_class":"","ocean_shortcode_before_top_bar":"","ocean_shortcode_after_top_bar":"","ocean_shortcode_before_header":"","ocean_shortcode_after_header":"","ocean_has_shortcode":"","ocean_shortcode_after_title":"","ocean_shortcode_before_footer_widgets":"","ocean_shortcode_after_footer_widgets":"","ocean_shortcode_before_footer_bottom":"","ocean_shortcode_after_footer_bottom":"","ocean_display_top_bar":"default","ocean_display_header":"default","ocean_header_style":"","ocean_center_header_left_menu":"","ocean_custom_header_template":"","ocean_custom_logo":0,"ocean_custom_retina_logo":0,"ocean_custom_logo_max_width":0,"ocean_custom_logo_tablet_max_width":0,"ocean_custom_logo_mobile_max_width":0,"ocean_custom_logo_max_height":0,"ocean_custom_logo_tablet_max_height":0,"ocean_custom_logo_mobile_max_height":0,"ocean_header_custom_menu":"","ocean_menu_typo_font_family":"","ocean_menu_typo_font_subset":"","ocean_menu_typo_font_size":0,"ocean_menu_typo_font_size_tablet":0,"ocean_menu_typo_font_size_mobile":0,"ocean_menu_typo_font_size_unit":"px","ocean_menu_typo_font_weight":"","ocean_menu_typo_font_weight_tablet":"","ocean_menu_typo_font_weight_mobile":"","ocean_menu_typo_transform":"","ocean_menu_typo_transform_tablet":"","ocean_menu_typo_transform_mobile":"","ocean_menu_typo_line_height":0,"ocean_menu_typo_line_height_tablet":0,"ocean_menu_typo_line_height_mobile":0,"ocean_menu_typo_line_height_unit":"","ocean_menu_typo_spacing":0,"ocean_menu_typo_spacing_tablet":0,"ocean_menu_typo_spacing_mobile":0,"ocean_menu_typo_spacing_unit":"","ocean_menu_link_color":"","ocean_menu_link_color_hover":"","ocean_menu_link_color_active":"","ocean_menu_link_background":"","ocean_menu_link_hover_background":"","ocean_menu_link_active_background":"","ocean_menu_social_links_bg":"","ocean_menu_social_hover_links_bg":"","ocean_menu_social_links_color":"","ocean_menu_social_hover_links_color":"","ocean_disable_title":"default","ocean_disable_heading":"default","ocean_post_title":"","ocean_post_subheading":"","ocean_post_title_style":"","ocean_post_title_background_color":"","ocean_post_title_background":0,"ocean_post_title_bg_image_position":"","ocean_post_title_bg_image_attachment":"","ocean_post_title_bg_image_repeat":"","ocean_post_title_bg_image_size":"","ocean_post_title_height":0,"ocean_post_title_bg_overlay":0.5,"ocean_post_title_bg_overlay_color":"","ocean_disable_breadcrumbs":"default","ocean_breadcrumbs_color":"","ocean_breadcrumbs_separator_color":"","ocean_breadcrumbs_links_color":"","ocean_breadcrumbs_links_hover_color":"","ocean_display_footer_widgets":"default","ocean_display_footer_bottom":"default","ocean_custom_footer_template":"","footnotes":""},"class_list":["post-1526","page","type-page","status-publish","hentry","entry","owp-thumbs-layout-horizontal","owp-btn-normal","owp-tabs-layout-horizontal","has-no-thumbnails","has-product-nav"],"yoast_head":"<!-- This site is optimized with the Yoast SEO plugin v25.1 - https:\/\/yoast.com\/wordpress\/plugins\/seo\/ -->\n<title>CGV - Les p\u00e9pites d&#039;Alice<\/title>\n<meta name=\"robots\" content=\"noindex, follow, max-snippet:-1, max-image-preview:large, max-video-preview:-1\" \/>\n<meta property=\"og:locale\" content=\"fr_FR\" \/>\n<meta property=\"og:type\" content=\"article\" \/>\n<meta property=\"og:title\" content=\"CGV - Les p\u00e9pites d&#039;Alice\" \/>\n<meta property=\"og:description\" content=\"Conditions G\u00e9n\u00e9rales de Vente (CGV) Derni\u00e8re mise \u00e0 jour : [date] Les pr\u00e9sentes Conditions G\u00e9n\u00e9rales de Vente (ci-apr\u00e8s \u00ab CGV \u00bb) r\u00e9gissent les relations contractuelles entre : [Nom de la soci\u00e9t\u00e9 \/ de l&rsquo;exploitant du site][Forme juridique (ex : auto-entrepreneur \/ SAS \/ SARL), capital social, si\u00e8ge social, SIRET, RCS, etc.](ci-apr\u00e8s \u00ab le Vendeur \u00bb) [&hellip;]\" \/>\n<meta property=\"og:url\" content=\"https:\/\/cm.gca-digital.fr\/AliceD\/cgv\/\" \/>\n<meta property=\"og:site_name\" content=\"Les p\u00e9pites d&#039;Alice\" \/>\n<meta property=\"article:modified_time\" content=\"2025-04-07T07:45:40+00:00\" \/>\n<meta name=\"twitter:card\" content=\"summary_large_image\" \/>\n<meta name=\"twitter:label1\" content=\"Dur\u00e9e de lecture estim\u00e9e\" \/>\n\t<meta name=\"twitter:data1\" content=\"3 minutes\" \/>\n<script type=\"application\/ld+json\" class=\"yoast-schema-graph\">{\"@context\":\"https:\/\/schema.org\",\"@graph\":[{\"@type\":\"WebPage\",\"@id\":\"https:\/\/cm.gca-digital.fr\/AliceD\/cgv\/\",\"url\":\"https:\/\/cm.gca-digital.fr\/AliceD\/cgv\/\",\"name\":\"CGV - Les p\u00e9pites d&#039;Alice\",\"isPartOf\":{\"@id\":\"https:\/\/cm.gca-digital.fr\/AliceD\/#website\"},\"datePublished\":\"2025-04-07T07:42:22+00:00\",\"dateModified\":\"2025-04-07T07:45:40+00:00\",\"breadcrumb\":{\"@id\":\"https:\/\/cm.gca-digital.fr\/AliceD\/cgv\/#breadcrumb\"},\"inLanguage\":\"fr-FR\",\"potentialAction\":[{\"@type\":\"ReadAction\",\"target\":[\"https:\/\/cm.gca-digital.fr\/AliceD\/cgv\/\"]}]},{\"@type\":\"BreadcrumbList\",\"@id\":\"https:\/\/cm.gca-digital.fr\/AliceD\/cgv\/#breadcrumb\",\"itemListElement\":[{\"@type\":\"ListItem\",\"position\":1,\"name\":\"Accueil\",\"item\":\"https:\/\/cm.gca-digital.fr\/AliceD\/\"},{\"@type\":\"ListItem\",\"position\":2,\"name\":\"CGV\"}]},{\"@type\":\"WebSite\",\"@id\":\"https:\/\/cm.gca-digital.fr\/AliceD\/#website\",\"url\":\"https:\/\/cm.gca-digital.fr\/AliceD\/\",\"name\":\"Les p\u00e9pites d'Alice\",\"description\":\"\",\"publisher\":{\"@id\":\"https:\/\/cm.gca-digital.fr\/AliceD\/#organization\"},\"potentialAction\":[{\"@type\":\"SearchAction\",\"target\":{\"@type\":\"EntryPoint\",\"urlTemplate\":\"https:\/\/cm.gca-digital.fr\/AliceD\/?s={search_term_string}\"},\"query-input\":{\"@type\":\"PropertyValueSpecification\",\"valueRequired\":true,\"valueName\":\"search_term_string\"}}],\"inLanguage\":\"fr-FR\"},{\"@type\":\"Organization\",\"@id\":\"https:\/\/cm.gca-digital.fr\/AliceD\/#organization\",\"name\":\"Les p\u00e9pites d'Alice\",\"url\":\"https:\/\/cm.gca-digital.fr\/AliceD\/\",\"logo\":{\"@type\":\"ImageObject\",\"inLanguage\":\"fr-FR\",\"@id\":\"https:\/\/cm.gca-digital.fr\/AliceD\/#\/schema\/logo\/image\/\",\"url\":\"https:\/\/cm.gca-digital.fr\/AliceD\/wp-content\/uploads\/2025\/01\/cropped-LOGO-RVB-300X300-1.png\",\"contentUrl\":\"https:\/\/cm.gca-digital.fr\/AliceD\/wp-content\/uploads\/2025\/01\/cropped-LOGO-RVB-300X300-1.png\",\"width\":308,\"height\":300,\"caption\":\"Les p\u00e9pites d'Alice\"},\"image\":{\"@id\":\"https:\/\/cm.gca-digital.fr\/AliceD\/#\/schema\/logo\/image\/\"},\"sameAs\":[\"https:\/\/www.instagram.com\/lespepitesdalice.cave\/\"]}]}<\/script>\n<!-- \/ Yoast SEO plugin. -->","yoast_head_json":{"title":"CGV - Les p\u00e9pites d&#039;Alice","robots":{"index":"noindex","follow":"follow","max-snippet":"max-snippet:-1","max-image-preview":"max-image-preview:large","max-video-preview":"max-video-preview:-1"},"og_locale":"fr_FR","og_type":"article","og_title":"CGV - Les p\u00e9pites d&#039;Alice","og_description":"Conditions G\u00e9n\u00e9rales de Vente (CGV) Derni\u00e8re mise \u00e0 jour : [date] Les pr\u00e9sentes Conditions G\u00e9n\u00e9rales de Vente (ci-apr\u00e8s \u00ab CGV \u00bb) r\u00e9gissent les relations contractuelles entre : [Nom de la soci\u00e9t\u00e9 \/ de l&rsquo;exploitant du site][Forme juridique (ex : auto-entrepreneur \/ SAS \/ SARL), capital social, si\u00e8ge social, SIRET, RCS, etc.](ci-apr\u00e8s \u00ab le Vendeur \u00bb) [&hellip;]","og_url":"https:\/\/cm.gca-digital.fr\/AliceD\/cgv\/","og_site_name":"Les p\u00e9pites d&#039;Alice","article_modified_time":"2025-04-07T07:45:40+00:00","twitter_card":"summary_large_image","twitter_misc":{"Dur\u00e9e de lecture estim\u00e9e":"3 minutes"},"schema":{"@context":"https:\/\/schema.org","@graph":[{"@type":"WebPage","@id":"https:\/\/cm.gca-digital.fr\/AliceD\/cgv\/","url":"https:\/\/cm.gca-digital.fr\/AliceD\/cgv\/","name":"CGV - Les p\u00e9pites d&#039;Alice","isPartOf":{"@id":"https:\/\/cm.gca-digital.fr\/AliceD\/#website"},"datePublished":"2025-04-07T07:42:22+00:00","dateModified":"2025-04-07T07:45:40+00:00","breadcrumb":{"@id":"https:\/\/cm.gca-digital.fr\/AliceD\/cgv\/#breadcrumb"},"inLanguage":"fr-FR","potentialAction":[{"@type":"ReadAction","target":["https:\/\/cm.gca-digital.fr\/AliceD\/cgv\/"]}]},{"@type":"BreadcrumbList","@id":"https:\/\/cm.gca-digital.fr\/AliceD\/cgv\/#breadcrumb","itemListElement":[{"@type":"ListItem","position":1,"name":"Accueil","item":"https:\/\/cm.gca-digital.fr\/AliceD\/"},{"@type":"ListItem","position":2,"name":"CGV"}]},{"@type":"WebSite","@id":"https:\/\/cm.gca-digital.fr\/AliceD\/#website","url":"https:\/\/cm.gca-digital.fr\/AliceD\/","name":"Les p\u00e9pites d'Alice","description":"","publisher":{"@id":"https:\/\/cm.gca-digital.fr\/AliceD\/#organization"},"potentialAction":[{"@type":"SearchAction","target":{"@type":"EntryPoint","urlTemplate":"https:\/\/cm.gca-digital.fr\/AliceD\/?s={search_term_string}"},"query-input":{"@type":"PropertyValueSpecification","valueRequired":true,"valueName":"search_term_string"}}],"inLanguage":"fr-FR"},{"@type":"Organization","@id":"https:\/\/cm.gca-digital.fr\/AliceD\/#organization","name":"Les p\u00e9pites d'Alice","url":"https:\/\/cm.gca-digital.fr\/AliceD\/","logo":{"@type":"ImageObject","inLanguage":"fr-FR","@id":"https:\/\/cm.gca-digital.fr\/AliceD\/#\/schema\/logo\/image\/","url":"https:\/\/cm.gca-digital.fr\/AliceD\/wp-content\/uploads\/2025\/01\/cropped-LOGO-RVB-300X300-1.png","contentUrl":"https:\/\/cm.gca-digital.fr\/AliceD\/wp-content\/uploads\/2025\/01\/cropped-LOGO-RVB-300X300-1.png","width":308,"height":300,"caption":"Les p\u00e9pites d'Alice"},"image":{"@id":"https:\/\/cm.gca-digital.fr\/AliceD\/#\/schema\/logo\/image\/"},"sameAs":["https:\/\/www.instagram.com\/lespepitesdalice.cave\/"]}]}},"_links":{"self":[{"href":"https:\/\/cm.gca-digital.fr\/AliceD\/wp-json\/wp\/v2\/pages\/1526","targetHints":{"allow":["GET"]}}],"collection":[{"href":"https:\/\/cm.gca-digital.fr\/AliceD\/wp-json\/wp\/v2\/pages"}],"about":[{"href":"https:\/\/cm.gca-digital.fr\/AliceD\/wp-json\/wp\/v2\/types\/page"}],"author":[{"embeddable":true,"href":"https:\/\/cm.gca-digital.fr\/AliceD\/wp-json\/wp\/v2\/users\/1"}],"replies":[{"embeddable":true,"href":"https:\/\/cm.gca-digital.fr\/AliceD\/wp-json\/wp\/v2\/comments?post=1526"}],"version-history":[{"count":6,"href":"https:\/\/cm.gca-digital.fr\/AliceD\/wp-json\/wp\/v2\/pages\/1526\/revisions"}],"predecessor-version":[{"id":1536,"href":"https:\/\/cm.gca-digital.fr\/AliceD\/wp-json\/wp\/v2\/pages\/1526\/revisions\/1536"}],"wp:attachment":[{"href":"https:\/\/cm.gca-digital.fr\/AliceD\/wp-json\/wp\/v2\/media?parent=1526"}],"curies":[{"name":"wp","href":"https:\/\/api.w.org\/{rel}","templated":true}]}}