{"id":1528,"date":"2025-04-07T09:54:11","date_gmt":"2025-04-07T07:54:11","guid":{"rendered":"https:\/\/cm.gca-digital.fr\/AliceD\/?page_id=1528"},"modified":"2025-04-07T10:01:44","modified_gmt":"2025-04-07T08:01:44","slug":"rgpdcookies","status":"publish","type":"page","link":"https:\/\/cm.gca-digital.fr\/AliceD\/rgpdcookies\/","title":{"rendered":"RGPD \/ Cookies"},"content":{"rendered":"\t\t<div data-elementor-type=\"wp-page\" data-elementor-id=\"1528\" class=\"elementor elementor-1528\">\n\t\t\t\t<div class=\"elementor-element elementor-element-b7b12e3 e-flex e-con-boxed e-con e-parent\" data-id=\"b7b12e3\" data-element_type=\"container\">\n\t\t\t\t\t<div class=\"e-con-inner\">\n\t\t\t\t<div class=\"elementor-element elementor-element-0e0fea3 elementor-widget elementor-widget-text-editor\" data-id=\"0e0fea3\" data-element_type=\"widget\" data-widget_type=\"text-editor.default\">\n\t\t\t\t<div class=\"elementor-widget-container\">\n\t\t\t\t\t\t\t\t\t<h2 data-start=\"353\" data-end=\"405\">\u00a0<\/h2><h2 class=\"\" data-start=\"353\" data-end=\"405\">\ud83d\udd10 Politique de Confidentialit\u00e9 (RGPD) et Cookies<\/h2><p class=\"\" data-start=\"407\" data-end=\"440\"><strong data-start=\"407\" data-end=\"440\">Derni\u00e8re mise \u00e0 jour : [Date]<\/strong><\/p><hr class=\"\" data-start=\"442\" data-end=\"445\" \/><h3 class=\"\" data-start=\"447\" data-end=\"479\">1. Responsable du traitement<\/h3><p class=\"\" data-start=\"481\" data-end=\"527\">Le responsable du traitement des donn\u00e9es est :<\/p><p class=\"\" data-start=\"529\" data-end=\"610\"><strong data-start=\"529\" data-end=\"556\">[Nom ou Raison sociale]<\/strong><br data-start=\"556\" data-end=\"559\" \/>[Adresse compl\u00e8te]<br data-start=\"577\" data-end=\"580\" \/>[SIRET]<br data-start=\"587\" data-end=\"590\" \/>[Email de contact]<\/p><hr class=\"\" data-start=\"612\" data-end=\"615\" \/><h3 class=\"\" data-start=\"617\" data-end=\"655\">2. Donn\u00e9es personnelles collect\u00e9es<\/h3><p class=\"\" data-start=\"657\" data-end=\"732\">Sur ce site, les donn\u00e9es personnelles suivantes peuvent \u00eatre collect\u00e9es :<\/p><ul data-start=\"733\" data-end=\"908\"><li class=\"\" data-start=\"733\" data-end=\"749\"><p class=\"\" data-start=\"735\" data-end=\"749\">Pr\u00e9nom \/ nom<\/p><\/li><li class=\"\" data-start=\"750\" data-end=\"767\"><p class=\"\" data-start=\"752\" data-end=\"767\">Adresse email<\/p><\/li><li class=\"\" data-start=\"768\" data-end=\"787\"><p class=\"\" data-start=\"770\" data-end=\"787\">Adresse postale<\/p><\/li><li class=\"\" data-start=\"788\" data-end=\"811\"><p class=\"\" data-start=\"790\" data-end=\"811\">Num\u00e9ro de t\u00e9l\u00e9phone<\/p><\/li><li class=\"\" data-start=\"812\" data-end=\"856\"><p class=\"\" data-start=\"814\" data-end=\"856\">Informations de livraison et de paiement<\/p><\/li><li class=\"\" data-start=\"857\" data-end=\"908\"><p class=\"\" data-start=\"859\" data-end=\"908\">Adresse IP et donn\u00e9es de navigation (via cookies)<\/p><\/li><\/ul><p class=\"\" data-start=\"910\" data-end=\"954\">Ces donn\u00e9es sont collect\u00e9es uniquement via :<\/p><ul data-start=\"955\" data-end=\"1037\"><li class=\"\" data-start=\"955\" data-end=\"982\"><p class=\"\" data-start=\"957\" data-end=\"982\">Le formulaire de commande<\/p><\/li><li class=\"\" data-start=\"983\" data-end=\"1009\"><p class=\"\" data-start=\"985\" data-end=\"1009\">Le formulaire de contact<\/p><\/li><li class=\"\" data-start=\"1010\" data-end=\"1037\"><p class=\"\" data-start=\"1012\" data-end=\"1037\">Les cookies de navigation<\/p><\/li><\/ul><hr class=\"\" data-start=\"1039\" data-end=\"1042\" \/><h3 class=\"\" data-start=\"1044\" data-end=\"1074\">3. Finalit\u00e9s du traitement<\/h3><p class=\"\" data-start=\"1076\" data-end=\"1109\">Les donn\u00e9es sont utilis\u00e9es pour :<\/p><ul data-start=\"1110\" data-end=\"1306\"><li class=\"\" data-start=\"1110\" data-end=\"1155\"><p class=\"\" data-start=\"1112\" data-end=\"1155\">Le traitement et l\u2019exp\u00e9dition des commandes<\/p><\/li><li class=\"\" data-start=\"1156\" data-end=\"1186\"><p class=\"\" data-start=\"1158\" data-end=\"1186\">La gestion du service client<\/p><\/li><li class=\"\" data-start=\"1187\" data-end=\"1260\"><p class=\"\" data-start=\"1189\" data-end=\"1260\">La communication avec l\u2019utilisateur (email, newsletter si consentement)<\/p><\/li><li class=\"\" data-start=\"1261\" data-end=\"1306\"><p class=\"\" data-start=\"1263\" data-end=\"1306\">La mesure d\u2019audience et l\u2019analyse du trafic<\/p><\/li><\/ul><hr class=\"\" data-start=\"1308\" data-end=\"1311\" \/><h3 class=\"\" data-start=\"1313\" data-end=\"1341\">4. Dur\u00e9e de conservation<\/h3><p class=\"\" data-start=\"1343\" data-end=\"1372\">Les donn\u00e9es sont conserv\u00e9es :<\/p><ul data-start=\"1373\" data-end=\"1499\"><li class=\"\" data-start=\"1373\" data-end=\"1442\"><p class=\"\" data-start=\"1375\" data-end=\"1442\">Pendant la dur\u00e9e n\u00e9cessaire \u00e0 la gestion de la relation commerciale<\/p><\/li><li class=\"\" data-start=\"1443\" data-end=\"1499\"><p class=\"\" data-start=\"1445\" data-end=\"1499\">Et\/ou jusqu\u2019\u00e0 demande de suppression par l\u2019utilisateur<\/p><\/li><\/ul><hr class=\"\" data-start=\"1501\" data-end=\"1504\" \/><h3 class=\"\" data-start=\"1506\" data-end=\"1532\">5. Partage des donn\u00e9es<\/h3><p class=\"\" data-start=\"1534\" data-end=\"1733\">Les donn\u00e9es personnelles ne sont <strong data-start=\"1567\" data-end=\"1585\">jamais vendues<\/strong>.<br data-start=\"1586\" data-end=\"1589\" \/>Elles peuvent \u00eatre partag\u00e9es avec des prestataires (livraison, paiement, h\u00e9bergement) uniquement dans le cadre des finalit\u00e9s d\u00e9crites ci-dessus.<\/p><hr class=\"\" data-start=\"1735\" data-end=\"1738\" \/><h3 class=\"\" data-start=\"1740\" data-end=\"1770\">6. Droits des utilisateurs<\/h3><p class=\"\" data-start=\"1772\" data-end=\"1879\">Conform\u00e9ment au RGPD (R\u00e8glement G\u00e9n\u00e9ral sur la Protection des Donn\u00e9es), vous disposez des droits suivants :<\/p><ul data-start=\"1880\" data-end=\"2025\"><li class=\"\" data-start=\"1880\" data-end=\"1929\"><p class=\"\" data-start=\"1882\" data-end=\"1929\">Droit d\u2019acc\u00e8s, de rectification et d\u2019effacement<\/p><\/li><li class=\"\" data-start=\"1930\" data-end=\"1967\"><p class=\"\" data-start=\"1932\" data-end=\"1967\">Droit \u00e0 la limitation du traitement<\/p><\/li><li class=\"\" data-start=\"1968\" data-end=\"1988\"><p class=\"\" data-start=\"1970\" data-end=\"1988\">Droit d\u2019opposition<\/p><\/li><li class=\"\" data-start=\"1989\" data-end=\"2025\"><p class=\"\" data-start=\"1991\" data-end=\"2025\">Droit \u00e0 la portabilit\u00e9 des donn\u00e9es<\/p><\/li><\/ul><p class=\"\" data-start=\"2027\" data-end=\"2099\">Vous pouvez exercer vos droits en nous contactant \u00e0 : [email de contact]<\/p><hr class=\"\" data-start=\"2101\" data-end=\"2104\" \/><h3 class=\"\" data-start=\"2106\" data-end=\"2133\">7. S\u00e9curit\u00e9 des donn\u00e9es<\/h3><p class=\"\" data-start=\"2135\" data-end=\"2272\">Nous mettons en \u0153uvre toutes les mesures techniques et organisationnelles n\u00e9cessaires pour garantir la s\u00e9curit\u00e9 des donn\u00e9es personnelles.<\/p><p>\u00a0<\/p><p>\u00a0<\/p><hr class=\"\" data-start=\"2274\" data-end=\"2277\" \/><h2 class=\"\" data-start=\"2279\" data-end=\"2305\">\ud83c\udf6a Politique de Cookies<\/h2><p class=\"\" data-start=\"2307\" data-end=\"2401\">Lors de la navigation sur notre site, des <strong data-start=\"2349\" data-end=\"2360\">cookies<\/strong> peuvent \u00eatre d\u00e9pos\u00e9s sur votre appareil.<\/p><h3 class=\"\" data-start=\"2403\" data-end=\"2434\">Types de cookies utilis\u00e9s :<\/h3><ul data-start=\"2435\" data-end=\"2667\"><li class=\"\" data-start=\"2435\" data-end=\"2525\"><p class=\"\" data-start=\"2437\" data-end=\"2525\"><strong data-start=\"2437\" data-end=\"2460\">Cookies n\u00e9cessaires<\/strong> : pour assurer le fonctionnement du site (panier, session, etc.)<\/p><\/li><li class=\"\" data-start=\"2526\" data-end=\"2588\"><p class=\"\" data-start=\"2528\" data-end=\"2588\"><strong data-start=\"2528\" data-end=\"2560\">Cookies de mesure d\u2019audience<\/strong> (Google Analytics ou autre)<\/p><\/li><li class=\"\" data-start=\"2589\" data-end=\"2667\"><p class=\"\" data-start=\"2591\" data-end=\"2667\"><strong data-start=\"2591\" data-end=\"2612\">Cookies marketing<\/strong> (si applicable, par ex. publicit\u00e9 cibl\u00e9e, Meta Pixel\u2026)<\/p><\/li><\/ul><h3 class=\"\" data-start=\"2669\" data-end=\"2687\">Consentement :<\/h3><p class=\"\" data-start=\"2688\" data-end=\"2761\">Un bandeau cookie s\u2019affiche \u00e0 votre premi\u00e8re visite pour vous permettre :<\/p><ul data-start=\"2762\" data-end=\"2860\"><li class=\"\" data-start=\"2762\" data-end=\"2791\"><p class=\"\" data-start=\"2764\" data-end=\"2791\">D\u2019accepter tous les cookies<\/p><\/li><li class=\"\" data-start=\"2792\" data-end=\"2831\"><p class=\"\" data-start=\"2794\" data-end=\"2831\">De refuser les cookies non essentiels<\/p><\/li><li class=\"\" data-start=\"2832\" data-end=\"2860\"><p class=\"\" data-start=\"2834\" data-end=\"2860\">De personnaliser vos choix<\/p><\/li><\/ul><p class=\"\" data-start=\"2862\" data-end=\"2991\">Vous pouvez modifier vos pr\u00e9f\u00e9rences \u00e0 tout moment via le lien \u00ab Gestion des cookies \u00bb en bas du site (ou dans votre navigateur).<\/p><hr class=\"\" data-start=\"2993\" data-end=\"2996\" \/><h2 class=\"\" data-start=\"2998\" data-end=\"3011\">\ud83d\udce9 Contact<\/h2><p class=\"\" data-start=\"3013\" data-end=\"3115\">Pour toute question relative \u00e0 la vie priv\u00e9e ou l\u2019utilisation de vos donn\u00e9es :<br data-start=\"3091\" data-end=\"3094\" \/>\ud83d\udce7 [email de contact]<\/p>\t\t\t\t\t\t\t\t<\/div>\n\t\t\t\t<\/div>\n\t\t\t\t\t<\/div>\n\t\t\t\t<\/div>\n\t\t\t\t<\/div>\n\t\t","protected":false},"excerpt":{"rendered":"<p>\u00a0 \ud83d\udd10 Politique de Confidentialit\u00e9 (RGPD) et Cookies Derni\u00e8re mise \u00e0 jour : [Date] 1. Responsable du traitement Le responsable du traitement des donn\u00e9es est : [Nom ou Raison sociale][Adresse compl\u00e8te][SIRET][Email de contact] 2. Donn\u00e9es personnelles collect\u00e9es Sur ce site, les donn\u00e9es personnelles suivantes peuvent \u00eatre collect\u00e9es : Pr\u00e9nom \/ nom Adresse email Adresse postale [&hellip;]<\/p>\n","protected":false},"author":1,"featured_media":0,"parent":0,"menu_order":0,"comment_status":"closed","ping_status":"closed","template":"","meta":{"ocean_post_layout":"","ocean_both_sidebars_style":"","ocean_both_sidebars_content_width":0,"ocean_both_sidebars_sidebars_width":0,"ocean_sidebar":"","ocean_second_sidebar":"","ocean_disable_margins":"enable","ocean_add_body_class":"","ocean_shortcode_before_top_bar":"","ocean_shortcode_after_top_bar":"","ocean_shortcode_before_header":"","ocean_shortcode_after_header":"","ocean_has_shortcode":"","ocean_shortcode_after_title":"","ocean_shortcode_before_footer_widgets":"","ocean_shortcode_after_footer_widgets":"","ocean_shortcode_before_footer_bottom":"","ocean_shortcode_after_footer_bottom":"","ocean_display_top_bar":"default","ocean_display_header":"default","ocean_header_style":"","ocean_center_header_left_menu":"","ocean_custom_header_template":"","ocean_custom_logo":0,"ocean_custom_retina_logo":0,"ocean_custom_logo_max_width":0,"ocean_custom_logo_tablet_max_width":0,"ocean_custom_logo_mobile_max_width":0,"ocean_custom_logo_max_height":0,"ocean_custom_logo_tablet_max_height":0,"ocean_custom_logo_mobile_max_height":0,"ocean_header_custom_menu":"","ocean_menu_typo_font_family":"","ocean_menu_typo_font_subset":"","ocean_menu_typo_font_size":0,"ocean_menu_typo_font_size_tablet":0,"ocean_menu_typo_font_size_mobile":0,"ocean_menu_typo_font_size_unit":"px","ocean_menu_typo_font_weight":"","ocean_menu_typo_font_weight_tablet":"","ocean_menu_typo_font_weight_mobile":"","ocean_menu_typo_transform":"","ocean_menu_typo_transform_tablet":"","ocean_menu_typo_transform_mobile":"","ocean_menu_typo_line_height":0,"ocean_menu_typo_line_height_tablet":0,"ocean_menu_typo_line_height_mobile":0,"ocean_menu_typo_line_height_unit":"","ocean_menu_typo_spacing":0,"ocean_menu_typo_spacing_tablet":0,"ocean_menu_typo_spacing_mobile":0,"ocean_menu_typo_spacing_unit":"","ocean_menu_link_color":"","ocean_menu_link_color_hover":"","ocean_menu_link_color_active":"","ocean_menu_link_background":"","ocean_menu_link_hover_background":"","ocean_menu_link_active_background":"","ocean_menu_social_links_bg":"","ocean_menu_social_hover_links_bg":"","ocean_menu_social_links_color":"","ocean_menu_social_hover_links_color":"","ocean_disable_title":"default","ocean_disable_heading":"default","ocean_post_title":"","ocean_post_subheading":"","ocean_post_title_style":"","ocean_post_title_background_color":"","ocean_post_title_background":0,"ocean_post_title_bg_image_position":"","ocean_post_title_bg_image_attachment":"","ocean_post_title_bg_image_repeat":"","ocean_post_title_bg_image_size":"","ocean_post_title_height":0,"ocean_post_title_bg_overlay":0.5,"ocean_post_title_bg_overlay_color":"","ocean_disable_breadcrumbs":"default","ocean_breadcrumbs_color":"","ocean_breadcrumbs_separator_color":"","ocean_breadcrumbs_links_color":"","ocean_breadcrumbs_links_hover_color":"","ocean_display_footer_widgets":"default","ocean_display_footer_bottom":"default","ocean_custom_footer_template":"","footnotes":""},"class_list":["post-1528","page","type-page","status-publish","hentry","entry","owp-thumbs-layout-horizontal","owp-btn-normal","owp-tabs-layout-horizontal","has-no-thumbnails","has-product-nav"],"yoast_head":"<!-- This site is optimized with the Yoast SEO plugin v25.1 - https:\/\/yoast.com\/wordpress\/plugins\/seo\/ -->\n<title>RGPD \/ Cookies - Les p\u00e9pites d&#039;Alice<\/title>\n<meta name=\"robots\" content=\"noindex, follow, max-snippet:-1, max-image-preview:large, max-video-preview:-1\" \/>\n<meta property=\"og:locale\" content=\"fr_FR\" \/>\n<meta property=\"og:type\" content=\"article\" \/>\n<meta property=\"og:title\" content=\"RGPD \/ Cookies - Les p\u00e9pites d&#039;Alice\" \/>\n<meta property=\"og:description\" content=\"\u00a0 \ud83d\udd10 Politique de Confidentialit\u00e9 (RGPD) et Cookies Derni\u00e8re mise \u00e0 jour : [Date] 1. Responsable du traitement Le responsable du traitement des donn\u00e9es est : [Nom ou Raison sociale][Adresse compl\u00e8te][SIRET][Email de contact] 2. Donn\u00e9es personnelles collect\u00e9es Sur ce site, les donn\u00e9es personnelles suivantes peuvent \u00eatre collect\u00e9es : Pr\u00e9nom \/ nom Adresse email Adresse postale [&hellip;]\" \/>\n<meta property=\"og:url\" content=\"https:\/\/cm.gca-digital.fr\/AliceD\/rgpdcookies\/\" \/>\n<meta property=\"og:site_name\" content=\"Les p\u00e9pites d&#039;Alice\" \/>\n<meta property=\"article:modified_time\" content=\"2025-04-07T08:01:44+00:00\" \/>\n<meta name=\"twitter:card\" content=\"summary_large_image\" \/>\n<meta name=\"twitter:label1\" content=\"Dur\u00e9e de lecture estim\u00e9e\" \/>\n\t<meta name=\"twitter:data1\" content=\"2 minutes\" \/>\n<script type=\"application\/ld+json\" class=\"yoast-schema-graph\">{\"@context\":\"https:\/\/schema.org\",\"@graph\":[{\"@type\":\"WebPage\",\"@id\":\"https:\/\/cm.gca-digital.fr\/AliceD\/rgpdcookies\/\",\"url\":\"https:\/\/cm.gca-digital.fr\/AliceD\/rgpdcookies\/\",\"name\":\"RGPD \/ Cookies - Les p\u00e9pites d&#039;Alice\",\"isPartOf\":{\"@id\":\"https:\/\/cm.gca-digital.fr\/AliceD\/#website\"},\"datePublished\":\"2025-04-07T07:54:11+00:00\",\"dateModified\":\"2025-04-07T08:01:44+00:00\",\"breadcrumb\":{\"@id\":\"https:\/\/cm.gca-digital.fr\/AliceD\/rgpdcookies\/#breadcrumb\"},\"inLanguage\":\"fr-FR\",\"potentialAction\":[{\"@type\":\"ReadAction\",\"target\":[\"https:\/\/cm.gca-digital.fr\/AliceD\/rgpdcookies\/\"]}]},{\"@type\":\"BreadcrumbList\",\"@id\":\"https:\/\/cm.gca-digital.fr\/AliceD\/rgpdcookies\/#breadcrumb\",\"itemListElement\":[{\"@type\":\"ListItem\",\"position\":1,\"name\":\"Accueil\",\"item\":\"https:\/\/cm.gca-digital.fr\/AliceD\/\"},{\"@type\":\"ListItem\",\"position\":2,\"name\":\"RGPD \/ Cookies\"}]},{\"@type\":\"WebSite\",\"@id\":\"https:\/\/cm.gca-digital.fr\/AliceD\/#website\",\"url\":\"https:\/\/cm.gca-digital.fr\/AliceD\/\",\"name\":\"Les p\u00e9pites d'Alice\",\"description\":\"\",\"publisher\":{\"@id\":\"https:\/\/cm.gca-digital.fr\/AliceD\/#organization\"},\"potentialAction\":[{\"@type\":\"SearchAction\",\"target\":{\"@type\":\"EntryPoint\",\"urlTemplate\":\"https:\/\/cm.gca-digital.fr\/AliceD\/?s={search_term_string}\"},\"query-input\":{\"@type\":\"PropertyValueSpecification\",\"valueRequired\":true,\"valueName\":\"search_term_string\"}}],\"inLanguage\":\"fr-FR\"},{\"@type\":\"Organization\",\"@id\":\"https:\/\/cm.gca-digital.fr\/AliceD\/#organization\",\"name\":\"Les p\u00e9pites d'Alice\",\"url\":\"https:\/\/cm.gca-digital.fr\/AliceD\/\",\"logo\":{\"@type\":\"ImageObject\",\"inLanguage\":\"fr-FR\",\"@id\":\"https:\/\/cm.gca-digital.fr\/AliceD\/#\/schema\/logo\/image\/\",\"url\":\"https:\/\/cm.gca-digital.fr\/AliceD\/wp-content\/uploads\/2025\/01\/cropped-LOGO-RVB-300X300-1.png\",\"contentUrl\":\"https:\/\/cm.gca-digital.fr\/AliceD\/wp-content\/uploads\/2025\/01\/cropped-LOGO-RVB-300X300-1.png\",\"width\":308,\"height\":300,\"caption\":\"Les p\u00e9pites d'Alice\"},\"image\":{\"@id\":\"https:\/\/cm.gca-digital.fr\/AliceD\/#\/schema\/logo\/image\/\"},\"sameAs\":[\"https:\/\/www.instagram.com\/lespepitesdalice.cave\/\"]}]}<\/script>\n<!-- \/ Yoast SEO plugin. -->","yoast_head_json":{"title":"RGPD \/ Cookies - Les p\u00e9pites d&#039;Alice","robots":{"index":"noindex","follow":"follow","max-snippet":"max-snippet:-1","max-image-preview":"max-image-preview:large","max-video-preview":"max-video-preview:-1"},"og_locale":"fr_FR","og_type":"article","og_title":"RGPD \/ Cookies - Les p\u00e9pites d&#039;Alice","og_description":"\u00a0 \ud83d\udd10 Politique de Confidentialit\u00e9 (RGPD) et Cookies Derni\u00e8re mise \u00e0 jour : [Date] 1. Responsable du traitement Le responsable du traitement des donn\u00e9es est : [Nom ou Raison sociale][Adresse compl\u00e8te][SIRET][Email de contact] 2. Donn\u00e9es personnelles collect\u00e9es Sur ce site, les donn\u00e9es personnelles suivantes peuvent \u00eatre collect\u00e9es : Pr\u00e9nom \/ nom Adresse email Adresse postale [&hellip;]","og_url":"https:\/\/cm.gca-digital.fr\/AliceD\/rgpdcookies\/","og_site_name":"Les p\u00e9pites d&#039;Alice","article_modified_time":"2025-04-07T08:01:44+00:00","twitter_card":"summary_large_image","twitter_misc":{"Dur\u00e9e de lecture estim\u00e9e":"2 minutes"},"schema":{"@context":"https:\/\/schema.org","@graph":[{"@type":"WebPage","@id":"https:\/\/cm.gca-digital.fr\/AliceD\/rgpdcookies\/","url":"https:\/\/cm.gca-digital.fr\/AliceD\/rgpdcookies\/","name":"RGPD \/ Cookies - Les p\u00e9pites d&#039;Alice","isPartOf":{"@id":"https:\/\/cm.gca-digital.fr\/AliceD\/#website"},"datePublished":"2025-04-07T07:54:11+00:00","dateModified":"2025-04-07T08:01:44+00:00","breadcrumb":{"@id":"https:\/\/cm.gca-digital.fr\/AliceD\/rgpdcookies\/#breadcrumb"},"inLanguage":"fr-FR","potentialAction":[{"@type":"ReadAction","target":["https:\/\/cm.gca-digital.fr\/AliceD\/rgpdcookies\/"]}]},{"@type":"BreadcrumbList","@id":"https:\/\/cm.gca-digital.fr\/AliceD\/rgpdcookies\/#breadcrumb","itemListElement":[{"@type":"ListItem","position":1,"name":"Accueil","item":"https:\/\/cm.gca-digital.fr\/AliceD\/"},{"@type":"ListItem","position":2,"name":"RGPD \/ Cookies"}]},{"@type":"WebSite","@id":"https:\/\/cm.gca-digital.fr\/AliceD\/#website","url":"https:\/\/cm.gca-digital.fr\/AliceD\/","name":"Les p\u00e9pites d'Alice","description":"","publisher":{"@id":"https:\/\/cm.gca-digital.fr\/AliceD\/#organization"},"potentialAction":[{"@type":"SearchAction","target":{"@type":"EntryPoint","urlTemplate":"https:\/\/cm.gca-digital.fr\/AliceD\/?s={search_term_string}"},"query-input":{"@type":"PropertyValueSpecification","valueRequired":true,"valueName":"search_term_string"}}],"inLanguage":"fr-FR"},{"@type":"Organization","@id":"https:\/\/cm.gca-digital.fr\/AliceD\/#organization","name":"Les p\u00e9pites d'Alice","url":"https:\/\/cm.gca-digital.fr\/AliceD\/","logo":{"@type":"ImageObject","inLanguage":"fr-FR","@id":"https:\/\/cm.gca-digital.fr\/AliceD\/#\/schema\/logo\/image\/","url":"https:\/\/cm.gca-digital.fr\/AliceD\/wp-content\/uploads\/2025\/01\/cropped-LOGO-RVB-300X300-1.png","contentUrl":"https:\/\/cm.gca-digital.fr\/AliceD\/wp-content\/uploads\/2025\/01\/cropped-LOGO-RVB-300X300-1.png","width":308,"height":300,"caption":"Les p\u00e9pites d'Alice"},"image":{"@id":"https:\/\/cm.gca-digital.fr\/AliceD\/#\/schema\/logo\/image\/"},"sameAs":["https:\/\/www.instagram.com\/lespepitesdalice.cave\/"]}]}},"_links":{"self":[{"href":"https:\/\/cm.gca-digital.fr\/AliceD\/wp-json\/wp\/v2\/pages\/1528","targetHints":{"allow":["GET"]}}],"collection":[{"href":"https:\/\/cm.gca-digital.fr\/AliceD\/wp-json\/wp\/v2\/pages"}],"about":[{"href":"https:\/\/cm.gca-digital.fr\/AliceD\/wp-json\/wp\/v2\/types\/page"}],"author":[{"embeddable":true,"href":"https:\/\/cm.gca-digital.fr\/AliceD\/wp-json\/wp\/v2\/users\/1"}],"replies":[{"embeddable":true,"href":"https:\/\/cm.gca-digital.fr\/AliceD\/wp-json\/wp\/v2\/comments?post=1528"}],"version-history":[{"count":7,"href":"https:\/\/cm.gca-digital.fr\/AliceD\/wp-json\/wp\/v2\/pages\/1528\/revisions"}],"predecessor-version":[{"id":1549,"href":"https:\/\/cm.gca-digital.fr\/AliceD\/wp-json\/wp\/v2\/pages\/1528\/revisions\/1549"}],"wp:attachment":[{"href":"https:\/\/cm.gca-digital.fr\/AliceD\/wp-json\/wp\/v2\/media?parent=1528"}],"curies":[{"name":"wp","href":"https:\/\/api.w.org\/{rel}","templated":true}]}}