{"id":435,"date":"2025-02-11T09:45:54","date_gmt":"2025-02-11T08:45:54","guid":{"rendered":"https:\/\/cm.gca-digital.fr\/AliceM\/?page_id=435"},"modified":"2025-05-20T16:33:44","modified_gmt":"2025-05-20T14:33:44","slug":"qui-suis-je","status":"publish","type":"page","link":"https:\/\/cm.gca-digital.fr\/AliceM\/qui-suis-je\/","title":{"rendered":"Qui suis-je ?"},"content":{"rendered":"\t\t<div data-elementor-type=\"wp-page\" data-elementor-id=\"435\" class=\"elementor elementor-435\">\n\t\t\t\t<div class=\"elementor-element elementor-element-4c11bd3 e-flex e-con-boxed e-con e-parent\" data-id=\"4c11bd3\" data-element_type=\"container\">\n\t\t\t\t\t<div class=\"e-con-inner\">\n\t\t\t\t<div class=\"elementor-element elementor-element-2dac892 elementor-widget elementor-widget-heading\" data-id=\"2dac892\" data-element_type=\"widget\" data-widget_type=\"heading.default\">\n\t\t\t\t<div class=\"elementor-widget-container\">\n\t\t\t\t\t<h2 class=\"elementor-heading-title elementor-size-default\">Qui suis-je ?<\/h2>\t\t\t\t<\/div>\n\t\t\t\t<\/div>\n\t\t\t\t\t<\/div>\n\t\t\t\t<\/div>\n\t\t<div class=\"elementor-element elementor-element-ee5e584 e-flex e-con-boxed e-con e-parent\" data-id=\"ee5e584\" data-element_type=\"container\">\n\t\t\t\t\t<div class=\"e-con-inner\">\n\t\t\t\t<div class=\"elementor-element elementor-element-7a6b743 elementor-widget-divider--view-line elementor-widget elementor-widget-divider\" data-id=\"7a6b743\" data-element_type=\"widget\" data-widget_type=\"divider.default\">\n\t\t\t\t<div class=\"elementor-widget-container\">\n\t\t\t\t\t\t\t<div class=\"elementor-divider\">\n\t\t\t<span class=\"elementor-divider-separator\">\n\t\t\t\t\t\t<\/span>\n\t\t<\/div>\n\t\t\t\t\t\t<\/div>\n\t\t\t\t<\/div>\n\t\t\t\t\t<\/div>\n\t\t\t\t<\/div>\n\t\t<div class=\"elementor-element elementor-element-042c64a e-flex e-con-boxed e-con e-parent\" data-id=\"042c64a\" data-element_type=\"container\">\n\t\t\t\t\t<div class=\"e-con-inner\">\n\t\t<div class=\"elementor-element elementor-element-3aa0cf8 e-con-full e-flex e-con e-child\" data-id=\"3aa0cf8\" data-element_type=\"container\">\n\t\t\t\t<div class=\"elementor-element elementor-element-5d860c1 elementor-widget elementor-widget-text-editor\" data-id=\"5d860c1\" data-element_type=\"widget\" data-widget_type=\"text-editor.default\">\n\t\t\t\t<div class=\"elementor-widget-container\">\n\t\t\t\t\t\t\t\t\t<p>Bonjour ! Bienvenue sur mon nouveau site internet\u00a0 Les P\u00e9pites d&rsquo;Alice !<\/p><p>Je me pr\u00e9sente, je m&rsquo;appelle Alice Pagniez, et j&rsquo;ai cr\u00e9\u00e9 ma friperie il y a maintenant &#8230; ans. Je travaille seule, \u00e0 mon compte, apr\u00e8s avoir d\u00e9but\u00e9 mon aventure avec Vinted.<\/p><p>Vous pourrez retrouver sur mon site pleins d&rsquo;articles pour femmes, hommes mais aussi parfois enfants ! Tous les articles sont de seconde main, mais je pense qu&rsquo;ils m\u00e9ritent surtout une seconde vie !<\/p><p>Tous les articles sont inspect\u00e9s, lav\u00e9s et si besoin soigneusement r\u00e9par\u00e9s. Je ne vend pas d&rsquo;articles d\u00e9fectueux, sauf si cela est pr\u00e9cis\u00e9 dans l&rsquo;annonce de l&rsquo;article en question.<\/p><p>J&rsquo;esp\u00e8re que vous trouverez votre bonheur ici ! Bonne d\u00e9couverte \ud83d\ude42<\/p>\t\t\t\t\t\t\t\t<\/div>\n\t\t\t\t<\/div>\n\t\t\t\t<\/div>\n\t\t<div class=\"elementor-element elementor-element-85f41c3 e-con-full e-flex e-con e-child\" data-id=\"85f41c3\" data-element_type=\"container\">\n\t\t\t\t<div class=\"elementor-element elementor-element-37b81ea elementor-widget elementor-widget-image\" data-id=\"37b81ea\" data-element_type=\"widget\" data-widget_type=\"image.default\">\n\t\t\t\t<div class=\"elementor-widget-container\">\n\t\t\t\t\t\t\t\t\t\t\t\t\t\t\t<img decoding=\"async\" src=\"https:\/\/cm.gca-digital.fr\/AliceM\/wp-content\/uploads\/elementor\/thumbs\/portrait-young-pretty-cheerful-girl-smiling-scaled-r1cfte01jmqwdud757itcfw3ueis1ezb9f7eqilgmo.jpg\" title=\"Portrait of young pretty cheerful girl smiling looking at camera over white background.\" alt=\"Portrait of young pretty cheerful girl smiling looking at camera over white background. Copy space.\" loading=\"lazy\" \/>\t\t\t\t\t\t\t\t\t\t\t\t\t\t\t<\/div>\n\t\t\t\t<\/div>\n\t\t\t\t<\/div>\n\t\t\t\t\t<\/div>\n\t\t\t\t<\/div>\n\t\t\t\t<\/div>\n\t\t","protected":false},"excerpt":{"rendered":"<p>Qui suis-je ? Bonjour ! Bienvenue sur mon nouveau site internet\u00a0 Les P\u00e9pites d&rsquo;Alice ! Je me pr\u00e9sente, je m&rsquo;appelle Alice Pagniez, et j&rsquo;ai cr\u00e9\u00e9 ma friperie il y a maintenant &#8230; ans. Je travaille seule, \u00e0 mon compte, apr\u00e8s avoir d\u00e9but\u00e9 mon aventure avec Vinted. Vous pourrez retrouver sur mon site pleins d&rsquo;articles pour [&hellip;]<\/p>\n","protected":false},"author":1,"featured_media":0,"parent":0,"menu_order":0,"comment_status":"closed","ping_status":"closed","template":"","meta":{"ocean_post_layout":"","ocean_both_sidebars_style":"","ocean_both_sidebars_content_width":0,"ocean_both_sidebars_sidebars_width":0,"ocean_sidebar":"","ocean_second_sidebar":"","ocean_disable_margins":"enable","ocean_add_body_class":"","ocean_shortcode_before_top_bar":"","ocean_shortcode_after_top_bar":"","ocean_shortcode_before_header":"","ocean_shortcode_after_header":"","ocean_has_shortcode":"","ocean_shortcode_after_title":"","ocean_shortcode_before_footer_widgets":"","ocean_shortcode_after_footer_widgets":"","ocean_shortcode_before_footer_bottom":"","ocean_shortcode_after_footer_bottom":"","ocean_display_top_bar":"default","ocean_display_header":"default","ocean_header_style":"","ocean_center_header_left_menu":"","ocean_custom_header_template":"","ocean_custom_logo":0,"ocean_custom_retina_logo":0,"ocean_custom_logo_max_width":0,"ocean_custom_logo_tablet_max_width":0,"ocean_custom_logo_mobile_max_width":0,"ocean_custom_logo_max_height":0,"ocean_custom_logo_tablet_max_height":0,"ocean_custom_logo_mobile_max_height":0,"ocean_header_custom_menu":"","ocean_menu_typo_font_family":"","ocean_menu_typo_font_subset":"","ocean_menu_typo_font_size":0,"ocean_menu_typo_font_size_tablet":0,"ocean_menu_typo_font_size_mobile":0,"ocean_menu_typo_font_size_unit":"px","ocean_menu_typo_font_weight":"","ocean_menu_typo_font_weight_tablet":"","ocean_menu_typo_font_weight_mobile":"","ocean_menu_typo_transform":"","ocean_menu_typo_transform_tablet":"","ocean_menu_typo_transform_mobile":"","ocean_menu_typo_line_height":0,"ocean_menu_typo_line_height_tablet":0,"ocean_menu_typo_line_height_mobile":0,"ocean_menu_typo_line_height_unit":"","ocean_menu_typo_spacing":0,"ocean_menu_typo_spacing_tablet":0,"ocean_menu_typo_spacing_mobile":0,"ocean_menu_typo_spacing_unit":"","ocean_menu_link_color":"","ocean_menu_link_color_hover":"","ocean_menu_link_color_active":"","ocean_menu_link_background":"","ocean_menu_link_hover_background":"","ocean_menu_link_active_background":"","ocean_menu_social_links_bg":"","ocean_menu_social_hover_links_bg":"","ocean_menu_social_links_color":"","ocean_menu_social_hover_links_color":"","ocean_disable_title":"default","ocean_disable_heading":"default","ocean_post_title":"","ocean_post_subheading":"","ocean_post_title_style":"","ocean_post_title_background_color":"","ocean_post_title_background":0,"ocean_post_title_bg_image_position":"","ocean_post_title_bg_image_attachment":"","ocean_post_title_bg_image_repeat":"","ocean_post_title_bg_image_size":"","ocean_post_title_height":0,"ocean_post_title_bg_overlay":0.5,"ocean_post_title_bg_overlay_color":"","ocean_disable_breadcrumbs":"default","ocean_breadcrumbs_color":"","ocean_breadcrumbs_separator_color":"","ocean_breadcrumbs_links_color":"","ocean_breadcrumbs_links_hover_color":"","ocean_display_footer_widgets":"default","ocean_display_footer_bottom":"default","ocean_custom_footer_template":"","omw_enable_modal_window":"enable","footnotes":""},"class_list":["post-435","page","type-page","status-publish","hentry","entry","owp-thumbs-layout-horizontal","owp-btn-normal","owp-tabs-layout-horizontal","has-no-thumbnails","has-product-nav"],"yoast_head":"<!-- This site is optimized with the Yoast SEO plugin v25.1 - https:\/\/yoast.com\/wordpress\/plugins\/seo\/ -->\n<title>Qui suis-je - Les p\u00e9pites d&#039;Alice<\/title>\n<meta name=\"description\" content=\"Qui suis-je - Les p\u00e9pites d&#039;Alice, votre boutique en ligne d&#039;articles de seconde main et cave. D\u00e9couvrez ici qui je suis !\" \/>\n<meta name=\"robots\" content=\"index, follow, max-snippet:-1, max-image-preview:large, max-video-preview:-1\" \/>\n<link rel=\"canonical\" href=\"https:\/\/cm.gca-digital.fr\/AliceM\/qui-suis-je\/\" \/>\n<meta property=\"og:locale\" content=\"fr_FR\" \/>\n<meta property=\"og:type\" content=\"article\" \/>\n<meta property=\"og:title\" content=\"Qui suis-je - Les p\u00e9pites d&#039;Alice\" \/>\n<meta property=\"og:description\" content=\"Qui suis-je - Les p\u00e9pites d&#039;Alice, votre boutique en ligne d&#039;articles de seconde main et cave. D\u00e9couvrez ici qui je suis !\" \/>\n<meta property=\"og:url\" content=\"https:\/\/cm.gca-digital.fr\/AliceM\/qui-suis-je\/\" \/>\n<meta property=\"og:site_name\" content=\"Les p\u00e9pites d&#039;Alice\" \/>\n<meta property=\"article:modified_time\" content=\"2025-05-20T14:33:44+00:00\" \/>\n<meta property=\"og:image\" content=\"https:\/\/cm.gca-digital.fr\/AliceM\/wp-content\/uploads\/elementor\/thumbs\/portrait-young-pretty-cheerful-girl-smiling-scaled-r1cfte01jmqwdud757itcfw3ueis1ezb9f7eqilgmo.jpg\" \/>\n<meta name=\"twitter:card\" content=\"summary_large_image\" \/>\n<meta name=\"twitter:label1\" content=\"Dur\u00e9e de lecture estim\u00e9e\" \/>\n\t<meta name=\"twitter:data1\" content=\"1 minute\" \/>\n<script type=\"application\/ld+json\" class=\"yoast-schema-graph\">{\"@context\":\"https:\/\/schema.org\",\"@graph\":[{\"@type\":\"WebPage\",\"@id\":\"https:\/\/cm.gca-digital.fr\/AliceM\/qui-suis-je\/\",\"url\":\"https:\/\/cm.gca-digital.fr\/AliceM\/qui-suis-je\/\",\"name\":\"Qui suis-je - Les p\u00e9pites d'Alice\",\"isPartOf\":{\"@id\":\"https:\/\/cm.gca-digital.fr\/AliceM\/#website\"},\"primaryImageOfPage\":{\"@id\":\"https:\/\/cm.gca-digital.fr\/AliceM\/qui-suis-je\/#primaryimage\"},\"image\":{\"@id\":\"https:\/\/cm.gca-digital.fr\/AliceM\/qui-suis-je\/#primaryimage\"},\"thumbnailUrl\":\"https:\/\/cm.gca-digital.fr\/AliceM\/wp-content\/uploads\/elementor\/thumbs\/portrait-young-pretty-cheerful-girl-smiling-scaled-r1cfte01jmqwdud757itcfw3ueis1ezb9f7eqilgmo.jpg\",\"datePublished\":\"2025-02-11T08:45:54+00:00\",\"dateModified\":\"2025-05-20T14:33:44+00:00\",\"description\":\"Qui suis-je - Les p\u00e9pites d'Alice, votre boutique en ligne d'articles de seconde main et cave. D\u00e9couvrez ici qui je suis !\",\"breadcrumb\":{\"@id\":\"https:\/\/cm.gca-digital.fr\/AliceM\/qui-suis-je\/#breadcrumb\"},\"inLanguage\":\"fr-FR\",\"potentialAction\":[{\"@type\":\"ReadAction\",\"target\":[\"https:\/\/cm.gca-digital.fr\/AliceM\/qui-suis-je\/\"]}]},{\"@type\":\"ImageObject\",\"inLanguage\":\"fr-FR\",\"@id\":\"https:\/\/cm.gca-digital.fr\/AliceM\/qui-suis-je\/#primaryimage\",\"url\":\"https:\/\/cm.gca-digital.fr\/AliceM\/wp-content\/uploads\/elementor\/thumbs\/portrait-young-pretty-cheerful-girl-smiling-scaled-r1cfte01jmqwdud757itcfw3ueis1ezb9f7eqilgmo.jpg\",\"contentUrl\":\"https:\/\/cm.gca-digital.fr\/AliceM\/wp-content\/uploads\/elementor\/thumbs\/portrait-young-pretty-cheerful-girl-smiling-scaled-r1cfte01jmqwdud757itcfw3ueis1ezb9f7eqilgmo.jpg\"},{\"@type\":\"BreadcrumbList\",\"@id\":\"https:\/\/cm.gca-digital.fr\/AliceM\/qui-suis-je\/#breadcrumb\",\"itemListElement\":[{\"@type\":\"ListItem\",\"position\":1,\"name\":\"Accueil\",\"item\":\"https:\/\/cm.gca-digital.fr\/AliceM\/\"},{\"@type\":\"ListItem\",\"position\":2,\"name\":\"Qui suis-je ?\"}]},{\"@type\":\"WebSite\",\"@id\":\"https:\/\/cm.gca-digital.fr\/AliceM\/#website\",\"url\":\"https:\/\/cm.gca-digital.fr\/AliceM\/\",\"name\":\"Les p\u00e9pites d'Alice\",\"description\":\"\",\"publisher\":{\"@id\":\"https:\/\/cm.gca-digital.fr\/AliceM\/#organization\"},\"potentialAction\":[{\"@type\":\"SearchAction\",\"target\":{\"@type\":\"EntryPoint\",\"urlTemplate\":\"https:\/\/cm.gca-digital.fr\/AliceM\/?s={search_term_string}\"},\"query-input\":{\"@type\":\"PropertyValueSpecification\",\"valueRequired\":true,\"valueName\":\"search_term_string\"}}],\"inLanguage\":\"fr-FR\"},{\"@type\":\"Organization\",\"@id\":\"https:\/\/cm.gca-digital.fr\/AliceM\/#organization\",\"name\":\"Les p\u00e9pites d'Alice\",\"url\":\"https:\/\/cm.gca-digital.fr\/AliceM\/\",\"logo\":{\"@type\":\"ImageObject\",\"inLanguage\":\"fr-FR\",\"@id\":\"https:\/\/cm.gca-digital.fr\/AliceM\/#\/schema\/logo\/image\/\",\"url\":\"https:\/\/cm.gca-digital.fr\/AliceM\/wp-content\/uploads\/2025\/01\/LOGO-2-1.png\",\"contentUrl\":\"https:\/\/cm.gca-digital.fr\/AliceM\/wp-content\/uploads\/2025\/01\/LOGO-2-1.png\",\"width\":1409,\"height\":1371,\"caption\":\"Les p\u00e9pites d'Alice\"},\"image\":{\"@id\":\"https:\/\/cm.gca-digital.fr\/AliceM\/#\/schema\/logo\/image\/\"}}]}<\/script>\n<!-- \/ Yoast SEO plugin. -->","yoast_head_json":{"title":"Qui suis-je - Les p\u00e9pites d'Alice","description":"Qui suis-je - Les p\u00e9pites d'Alice, votre boutique en ligne d'articles de seconde main et cave. D\u00e9couvrez ici qui je suis !","robots":{"index":"index","follow":"follow","max-snippet":"max-snippet:-1","max-image-preview":"max-image-preview:large","max-video-preview":"max-video-preview:-1"},"canonical":"https:\/\/cm.gca-digital.fr\/AliceM\/qui-suis-je\/","og_locale":"fr_FR","og_type":"article","og_title":"Qui suis-je - Les p\u00e9pites d'Alice","og_description":"Qui suis-je - Les p\u00e9pites d'Alice, votre boutique en ligne d'articles de seconde main et cave. D\u00e9couvrez ici qui je suis !","og_url":"https:\/\/cm.gca-digital.fr\/AliceM\/qui-suis-je\/","og_site_name":"Les p\u00e9pites d&#039;Alice","article_modified_time":"2025-05-20T14:33:44+00:00","og_image":[{"url":"https:\/\/cm.gca-digital.fr\/AliceM\/wp-content\/uploads\/elementor\/thumbs\/portrait-young-pretty-cheerful-girl-smiling-scaled-r1cfte01jmqwdud757itcfw3ueis1ezb9f7eqilgmo.jpg","type":"","width":"","height":""}],"twitter_card":"summary_large_image","twitter_misc":{"Dur\u00e9e de lecture estim\u00e9e":"1 minute"},"schema":{"@context":"https:\/\/schema.org","@graph":[{"@type":"WebPage","@id":"https:\/\/cm.gca-digital.fr\/AliceM\/qui-suis-je\/","url":"https:\/\/cm.gca-digital.fr\/AliceM\/qui-suis-je\/","name":"Qui suis-je - Les p\u00e9pites d'Alice","isPartOf":{"@id":"https:\/\/cm.gca-digital.fr\/AliceM\/#website"},"primaryImageOfPage":{"@id":"https:\/\/cm.gca-digital.fr\/AliceM\/qui-suis-je\/#primaryimage"},"image":{"@id":"https:\/\/cm.gca-digital.fr\/AliceM\/qui-suis-je\/#primaryimage"},"thumbnailUrl":"https:\/\/cm.gca-digital.fr\/AliceM\/wp-content\/uploads\/elementor\/thumbs\/portrait-young-pretty-cheerful-girl-smiling-scaled-r1cfte01jmqwdud757itcfw3ueis1ezb9f7eqilgmo.jpg","datePublished":"2025-02-11T08:45:54+00:00","dateModified":"2025-05-20T14:33:44+00:00","description":"Qui suis-je - Les p\u00e9pites d'Alice, votre boutique en ligne d'articles de seconde main et cave. D\u00e9couvrez ici qui je suis !","breadcrumb":{"@id":"https:\/\/cm.gca-digital.fr\/AliceM\/qui-suis-je\/#breadcrumb"},"inLanguage":"fr-FR","potentialAction":[{"@type":"ReadAction","target":["https:\/\/cm.gca-digital.fr\/AliceM\/qui-suis-je\/"]}]},{"@type":"ImageObject","inLanguage":"fr-FR","@id":"https:\/\/cm.gca-digital.fr\/AliceM\/qui-suis-je\/#primaryimage","url":"https:\/\/cm.gca-digital.fr\/AliceM\/wp-content\/uploads\/elementor\/thumbs\/portrait-young-pretty-cheerful-girl-smiling-scaled-r1cfte01jmqwdud757itcfw3ueis1ezb9f7eqilgmo.jpg","contentUrl":"https:\/\/cm.gca-digital.fr\/AliceM\/wp-content\/uploads\/elementor\/thumbs\/portrait-young-pretty-cheerful-girl-smiling-scaled-r1cfte01jmqwdud757itcfw3ueis1ezb9f7eqilgmo.jpg"},{"@type":"BreadcrumbList","@id":"https:\/\/cm.gca-digital.fr\/AliceM\/qui-suis-je\/#breadcrumb","itemListElement":[{"@type":"ListItem","position":1,"name":"Accueil","item":"https:\/\/cm.gca-digital.fr\/AliceM\/"},{"@type":"ListItem","position":2,"name":"Qui suis-je ?"}]},{"@type":"WebSite","@id":"https:\/\/cm.gca-digital.fr\/AliceM\/#website","url":"https:\/\/cm.gca-digital.fr\/AliceM\/","name":"Les p\u00e9pites d'Alice","description":"","publisher":{"@id":"https:\/\/cm.gca-digital.fr\/AliceM\/#organization"},"potentialAction":[{"@type":"SearchAction","target":{"@type":"EntryPoint","urlTemplate":"https:\/\/cm.gca-digital.fr\/AliceM\/?s={search_term_string}"},"query-input":{"@type":"PropertyValueSpecification","valueRequired":true,"valueName":"search_term_string"}}],"inLanguage":"fr-FR"},{"@type":"Organization","@id":"https:\/\/cm.gca-digital.fr\/AliceM\/#organization","name":"Les p\u00e9pites d'Alice","url":"https:\/\/cm.gca-digital.fr\/AliceM\/","logo":{"@type":"ImageObject","inLanguage":"fr-FR","@id":"https:\/\/cm.gca-digital.fr\/AliceM\/#\/schema\/logo\/image\/","url":"https:\/\/cm.gca-digital.fr\/AliceM\/wp-content\/uploads\/2025\/01\/LOGO-2-1.png","contentUrl":"https:\/\/cm.gca-digital.fr\/AliceM\/wp-content\/uploads\/2025\/01\/LOGO-2-1.png","width":1409,"height":1371,"caption":"Les p\u00e9pites d'Alice"},"image":{"@id":"https:\/\/cm.gca-digital.fr\/AliceM\/#\/schema\/logo\/image\/"}}]}},"_links":{"self":[{"href":"https:\/\/cm.gca-digital.fr\/AliceM\/wp-json\/wp\/v2\/pages\/435","targetHints":{"allow":["GET"]}}],"collection":[{"href":"https:\/\/cm.gca-digital.fr\/AliceM\/wp-json\/wp\/v2\/pages"}],"about":[{"href":"https:\/\/cm.gca-digital.fr\/AliceM\/wp-json\/wp\/v2\/types\/page"}],"author":[{"embeddable":true,"href":"https:\/\/cm.gca-digital.fr\/AliceM\/wp-json\/wp\/v2\/users\/1"}],"replies":[{"embeddable":true,"href":"https:\/\/cm.gca-digital.fr\/AliceM\/wp-json\/wp\/v2\/comments?post=435"}],"version-history":[{"count":37,"href":"https:\/\/cm.gca-digital.fr\/AliceM\/wp-json\/wp\/v2\/pages\/435\/revisions"}],"predecessor-version":[{"id":642,"href":"https:\/\/cm.gca-digital.fr\/AliceM\/wp-json\/wp\/v2\/pages\/435\/revisions\/642"}],"wp:attachment":[{"href":"https:\/\/cm.gca-digital.fr\/AliceM\/wp-json\/wp\/v2\/media?parent=435"}],"curies":[{"name":"wp","href":"https:\/\/api.w.org\/{rel}","templated":true}]}}