{"id":831,"date":"2025-04-01T11:05:16","date_gmt":"2025-04-01T09:05:16","guid":{"rendered":"https:\/\/cm.gca-digital.fr\/AliceM\/?page_id=831"},"modified":"2025-05-27T15:52:24","modified_gmt":"2025-05-27T13:52:24","slug":"cookies","status":"publish","type":"page","link":"https:\/\/cm.gca-digital.fr\/AliceM\/cookies\/","title":{"rendered":"Cookies"},"content":{"rendered":"\t\t<div data-elementor-type=\"wp-page\" data-elementor-id=\"831\" class=\"elementor elementor-831\">\n\t\t\t\t<div class=\"elementor-element elementor-element-c3fd443 e-flex e-con-boxed e-con e-parent\" data-id=\"c3fd443\" data-element_type=\"container\">\n\t\t\t\t\t<div class=\"e-con-inner\">\n\t\t\t\t<div class=\"elementor-element elementor-element-baa8150 elementor-widget elementor-widget-heading\" data-id=\"baa8150\" data-element_type=\"widget\" data-widget_type=\"heading.default\">\n\t\t\t\t<div class=\"elementor-widget-container\">\n\t\t\t\t\t<h2 class=\"elementor-heading-title elementor-size-default\">Cookies et RGPD :<\/h2>\t\t\t\t<\/div>\n\t\t\t\t<\/div>\n\t\t\t\t\t<\/div>\n\t\t\t\t<\/div>\n\t\t<div class=\"elementor-element elementor-element-c265489 e-flex e-con-boxed e-con e-parent\" data-id=\"c265489\" data-element_type=\"container\">\n\t\t\t\t\t<div class=\"e-con-inner\">\n\t\t\t\t<div class=\"elementor-element elementor-element-769ea91 elementor-widget elementor-widget-text-editor\" data-id=\"769ea91\" data-element_type=\"widget\" data-widget_type=\"text-editor.default\">\n\t\t\t\t<div class=\"elementor-widget-container\">\n\t\t\t\t\t\t\t\t\t<p class=\"\" data-start=\"190\" data-end=\"217\"><strong data-start=\"190\" data-end=\"217\">Utilisation des cookies<\/strong><\/p><p class=\"\" data-start=\"219\" data-end=\"764\">Le site [Nom du site] utilise des cookies afin de vous offrir une exp\u00e9rience de navigation optimale, d\u2019analyser la fr\u00e9quentation du site et d\u2019am\u00e9liorer nos services. Un cookie est un petit fichier texte d\u00e9pos\u00e9 sur votre appareil (ordinateur, smartphone, tablette) lorsque vous visitez notre site. Les cookies que nous utilisons nous permettent de m\u00e9moriser vos pr\u00e9f\u00e9rences, d&rsquo;analyser l\u2019utilisation du site pour en am\u00e9liorer le contenu et la performance, ainsi que de vous proposer des contenus personnalis\u00e9s (publicit\u00e9, offres sp\u00e9ciales, etc.).<\/p><p class=\"\" data-start=\"766\" data-end=\"1233\">En visitant notre site, vous acceptez l\u2019utilisation de cookies, \u00e0 moins que vous n&rsquo;ayez configur\u00e9 votre navigateur pour refuser leur utilisation. Vous pouvez g\u00e9rer vos pr\u00e9f\u00e9rences en mati\u00e8re de cookies \u00e0 tout moment, soit en modifiant les param\u00e8tres de votre navigateur, soit en utilisant les outils propos\u00e9s sur notre site. Si vous choisissez de d\u00e9sactiver certains cookies, certaines fonctionnalit\u00e9s du site pourraient ne pas \u00eatre disponibles ou moins performantes.<\/p><p class=\"\" data-start=\"513\" data-end=\"532\"><strong data-start=\"513\" data-end=\"532\">1. Introduction<\/strong><\/p><p class=\"\" data-start=\"534\" data-end=\"1015\">La pr\u00e9sente politique de confidentialit\u00e9 a pour objectif de vous informer de la mani\u00e8re dont nous, [Nom de l&rsquo;entreprise], collectons, utilisons, stockons et prot\u00e9geons vos donn\u00e9es personnelles dans le cadre de l&rsquo;utilisation de notre site internet [Nom du site] (ci-apr\u00e8s \u00ab le Site \u00bb). Nous nous engageons \u00e0 respecter la confidentialit\u00e9 et la s\u00e9curit\u00e9 de vos donn\u00e9es personnelles et \u00e0 les traiter conform\u00e9ment aux exigences du R\u00e8glement g\u00e9n\u00e9ral sur la protection des donn\u00e9es (RGPD).<\/p><p class=\"\" data-start=\"1017\" data-end=\"1049\"><strong data-start=\"1017\" data-end=\"1049\">2. Responsable du traitement<\/strong><\/p><p class=\"\" data-start=\"1051\" data-end=\"1135\">Le responsable du traitement des donn\u00e9es personnelles collect\u00e9es sur le Site est :<\/p><ul data-start=\"1136\" data-end=\"1329\"><li class=\"\" data-start=\"1136\" data-end=\"1187\"><p class=\"\" data-start=\"1138\" data-end=\"1187\"><strong data-start=\"1138\" data-end=\"1161\">Nom de l&rsquo;entreprise<\/strong> : [Nom de l&rsquo;entreprise]<\/p><\/li><li class=\"\" data-start=\"1188\" data-end=\"1224\"><p class=\"\" data-start=\"1190\" data-end=\"1224\"><strong data-start=\"1190\" data-end=\"1201\">Adresse<\/strong> : [Adresse compl\u00e8te]<\/p><\/li><li class=\"\" data-start=\"1225\" data-end=\"1276\"><p class=\"\" data-start=\"1227\" data-end=\"1276\"><strong data-start=\"1227\" data-end=\"1250\">Num\u00e9ro de t\u00e9l\u00e9phone<\/strong> : [Num\u00e9ro de t\u00e9l\u00e9phone]<\/p><\/li><li class=\"\" data-start=\"1277\" data-end=\"1329\"><p class=\"\" data-start=\"1279\" data-end=\"1329\"><strong data-start=\"1279\" data-end=\"1297\">Adresse e-mail<\/strong> : [Adresse e-mail de contact]<\/p><\/li><\/ul><p class=\"\" data-start=\"1331\" data-end=\"1521\">Si vous avez des questions concernant la protection de vos donn\u00e9es personnelles, vous pouvez nous contacter directement \u00e0 cette adresse : [Adresse e-mail de contact pour la confidentialit\u00e9].<\/p><p class=\"\" data-start=\"1523\" data-end=\"1548\"><strong data-start=\"1523\" data-end=\"1548\">3. Donn\u00e9es collect\u00e9es<\/strong><\/p><p class=\"\" data-start=\"1550\" data-end=\"1692\">Nous collectons diff\u00e9rentes cat\u00e9gories de donn\u00e9es personnelles lorsque vous interagissez avec notre Site, y compris mais sans se limiter \u00e0 :<\/p><ul data-start=\"1693\" data-end=\"2072\"><li class=\"\" data-start=\"1693\" data-end=\"1776\"><p class=\"\" data-start=\"1695\" data-end=\"1776\"><strong data-start=\"1695\" data-end=\"1723\">Donn\u00e9es d\u2019identification<\/strong> : nom, pr\u00e9nom, adresse e-mail, num\u00e9ro de t\u00e9l\u00e9phone<\/p><\/li><li class=\"\" data-start=\"1777\" data-end=\"1861\"><p class=\"\" data-start=\"1779\" data-end=\"1861\"><strong data-start=\"1779\" data-end=\"1803\">Donn\u00e9es de connexion<\/strong> : adresse IP, donn\u00e9es de navigation, type de navigateur<\/p><\/li><li class=\"\" data-start=\"1862\" data-end=\"1953\"><p class=\"\" data-start=\"1864\" data-end=\"1953\"><strong data-start=\"1864\" data-end=\"1890\">Donn\u00e9es de transaction<\/strong> : informations relatives \u00e0 vos achats ou demandes de service<\/p><\/li><li class=\"\" data-start=\"1954\" data-end=\"2072\"><p class=\"\" data-start=\"1956\" data-end=\"2072\"><strong data-start=\"1956\" data-end=\"1983\">Donn\u00e9es de localisation<\/strong> : si vous y consentez, nous pouvons \u00e9galement collecter des donn\u00e9es de g\u00e9olocalisation<\/p><\/li><\/ul><p class=\"\" data-start=\"2074\" data-end=\"2181\">Nous nous engageons \u00e0 ne collecter que les donn\u00e9es strictement n\u00e9cessaires pour la gestion de nos services.<\/p><p class=\"\" data-start=\"2183\" data-end=\"2213\"><strong data-start=\"2183\" data-end=\"2213\">4. Finalit\u00e9s du traitement<\/strong><\/p><p class=\"\" data-start=\"2215\" data-end=\"2286\">Nous traitons vos donn\u00e9es personnelles pour les finalit\u00e9s suivantes :<\/p><ul data-start=\"2287\" data-end=\"2665\"><li class=\"\" data-start=\"2287\" data-end=\"2383\"><p class=\"\" data-start=\"2289\" data-end=\"2383\"><strong data-start=\"2289\" data-end=\"2317\">Gestion de vos commandes<\/strong> : traitement des paiements, exp\u00e9dition des produits ou services<\/p><\/li><li class=\"\" data-start=\"2384\" data-end=\"2503\"><p class=\"\" data-start=\"2386\" data-end=\"2503\"><strong data-start=\"2386\" data-end=\"2403\">Communication<\/strong> : r\u00e9pondre \u00e0 vos demandes, vous envoyer des informations sur nos produits, services ou promotions<\/p><\/li><li class=\"\" data-start=\"2504\" data-end=\"2598\"><p class=\"\" data-start=\"2506\" data-end=\"2598\"><strong data-start=\"2506\" data-end=\"2538\">Am\u00e9lioration de nos services<\/strong> : analyse des comportements de navigation et statistiques<\/p><\/li><li class=\"\" data-start=\"2599\" data-end=\"2665\"><p class=\"\" data-start=\"2601\" data-end=\"2665\"><strong data-start=\"2601\" data-end=\"2613\">S\u00e9curit\u00e9<\/strong> : pr\u00e9vention de la fraude et s\u00e9curit\u00e9 de notre Site<\/p><\/li><\/ul><p class=\"\" data-start=\"2667\" data-end=\"2699\"><strong data-start=\"2667\" data-end=\"2699\">5. Base l\u00e9gale du traitement<\/strong><\/p><p class=\"\" data-start=\"2701\" data-end=\"2787\">Le traitement de vos donn\u00e9es personnelles est bas\u00e9 sur les bases l\u00e9gales suivantes :<\/p><ul data-start=\"2788\" data-end=\"3243\"><li class=\"\" data-start=\"2788\" data-end=\"2913\"><p class=\"\" data-start=\"2790\" data-end=\"2913\"><strong data-start=\"2790\" data-end=\"2816\">Ex\u00e9cution d\u2019un contrat<\/strong> : traitement n\u00e9cessaire \u00e0 la gestion des transactions et \u00e0 la fourniture des services demand\u00e9s<\/p><\/li><li class=\"\" data-start=\"2914\" data-end=\"3052\"><p class=\"\" data-start=\"2916\" data-end=\"3052\"><strong data-start=\"2916\" data-end=\"2932\">Consentement<\/strong> : dans certains cas, le traitement repose sur votre consentement explicite (par exemple, pour l\u2019envoi de newsletters)<\/p><\/li><li class=\"\" data-start=\"3053\" data-end=\"3160\"><p class=\"\" data-start=\"3055\" data-end=\"3160\"><strong data-start=\"3055\" data-end=\"3075\">Int\u00e9r\u00eat l\u00e9gitime<\/strong> : pour garantir la s\u00e9curit\u00e9 du Site, pr\u00e9venir la fraude et am\u00e9liorer notre service<\/p><\/li><li class=\"\" data-start=\"3161\" data-end=\"3243\"><p class=\"\" data-start=\"3163\" data-end=\"3243\"><strong data-start=\"3163\" data-end=\"3184\">Obligation l\u00e9gale<\/strong> : pour respecter nos obligations l\u00e9gales ou r\u00e9glementaires<\/p><\/li><\/ul><p class=\"\" data-start=\"3245\" data-end=\"3277\"><strong data-start=\"3245\" data-end=\"3277\">6. Destinataires des donn\u00e9es<\/strong><\/p><p class=\"\" data-start=\"3279\" data-end=\"3660\">Les donn\u00e9es personnelles collect\u00e9es peuvent \u00eatre partag\u00e9es avec des prestataires de services tiers uniquement dans le cadre des finalit\u00e9s \u00e9nonc\u00e9es ci-dessus. Ces prestataires peuvent inclure des services de paiement, des prestataires d\u2019h\u00e9bergement, des services de marketing, etc. Nous nous assurons que ces prestataires respectent la confidentialit\u00e9 et la s\u00e9curit\u00e9 de vos donn\u00e9es.<\/p><p class=\"\" data-start=\"3662\" data-end=\"3818\">Vos donn\u00e9es personnelles ne seront pas vendues, \u00e9chang\u00e9es ou transf\u00e9r\u00e9es \u00e0 des tiers sans votre consentement explicite, sauf dans les cas o\u00f9 la loi l&rsquo;exige.<\/p><p class=\"\" data-start=\"3820\" data-end=\"3860\"><strong data-start=\"3820\" data-end=\"3860\">7. Dur\u00e9e de conservation des donn\u00e9es<\/strong><\/p><p class=\"\" data-start=\"3862\" data-end=\"4196\">Nous conservons vos donn\u00e9es personnelles uniquement pendant la dur\u00e9e n\u00e9cessaire aux finalit\u00e9s pour lesquelles elles ont \u00e9t\u00e9 collect\u00e9es, conform\u00e9ment aux exigences l\u00e9gales. Par exemple, les donn\u00e9es relatives aux transactions peuvent \u00eatre conserv\u00e9es pendant une p\u00e9riode de [x] ans pour r\u00e9pondre \u00e0 des obligations fiscales et comptables.<\/p><p class=\"\" data-start=\"4198\" data-end=\"4215\"><strong data-start=\"4198\" data-end=\"4215\">8. Vos droits<\/strong><\/p><p class=\"\" data-start=\"4217\" data-end=\"4364\">Conform\u00e9ment \u00e0 la l\u00e9gislation sur la protection des donn\u00e9es personnelles, vous disposez des droits suivants concernant vos donn\u00e9es personnelles :<\/p><ul data-start=\"4365\" data-end=\"5125\"><li class=\"\" data-start=\"4365\" data-end=\"4476\"><p class=\"\" data-start=\"4367\" data-end=\"4476\"><strong data-start=\"4367\" data-end=\"4384\">Droit d\u2019acc\u00e8s<\/strong> : vous pouvez demander une copie des donn\u00e9es personnelles que nous d\u00e9tenons \u00e0 votre sujet<\/p><\/li><li class=\"\" data-start=\"4477\" data-end=\"4580\"><p class=\"\" data-start=\"4479\" data-end=\"4580\"><strong data-start=\"4479\" data-end=\"4505\">Droit de rectification<\/strong> : vous pouvez demander la correction de donn\u00e9es inexactes ou incompl\u00e8tes<\/p><\/li><li class=\"\" data-start=\"4581\" data-end=\"4711\"><p class=\"\" data-start=\"4583\" data-end=\"4711\"><strong data-start=\"4583\" data-end=\"4607\">Droit \u00e0 l\u2019effacement<\/strong> : vous pouvez demander l\u2019effacement de vos donn\u00e9es personnelles, sous r\u00e9serve des obligations l\u00e9gales<\/p><\/li><li class=\"\" data-start=\"4712\" data-end=\"4847\"><p class=\"\" data-start=\"4714\" data-end=\"4847\"><strong data-start=\"4714\" data-end=\"4753\">Droit \u00e0 la limitation du traitement<\/strong> : vous pouvez demander la limitation du traitement de vos donn\u00e9es dans certaines situations<\/p><\/li><li class=\"\" data-start=\"4848\" data-end=\"5004\"><p class=\"\" data-start=\"4850\" data-end=\"5004\"><strong data-start=\"4850\" data-end=\"4888\">Droit \u00e0 la portabilit\u00e9 des donn\u00e9es<\/strong> : vous pouvez demander \u00e0 recevoir vos donn\u00e9es dans un format structur\u00e9, couramment utilis\u00e9 et lisible par machine<\/p><\/li><li class=\"\" data-start=\"5005\" data-end=\"5125\"><p class=\"\" data-start=\"5007\" data-end=\"5125\"><strong data-start=\"5007\" data-end=\"5029\">Droit d\u2019opposition<\/strong> : vous pouvez vous opposer au traitement de vos donn\u00e9es, y compris pour des fins de prospection<\/p><\/li><\/ul><p class=\"\" data-start=\"5127\" data-end=\"5321\">Pour exercer ces droits, vous pouvez nous contacter \u00e0 l\u2019adresse suivante : [Adresse e-mail de contact pour la confidentialit\u00e9]. Nous r\u00e9pondrons \u00e0 votre demande dans un d\u00e9lai de [1 mois maximum].<\/p><p class=\"\" data-start=\"5323\" data-end=\"5350\"><strong data-start=\"5323\" data-end=\"5350\">9. S\u00e9curit\u00e9 des donn\u00e9es<\/strong><\/p><p class=\"\" data-start=\"5352\" data-end=\"5646\">Nous mettons en place des mesures techniques et organisationnelles appropri\u00e9es pour prot\u00e9ger vos donn\u00e9es personnelles contre toute perte, utilisation abusive, acc\u00e8s non autoris\u00e9 ou divulgation. Cependant, aucun syst\u00e8me n\u2019\u00e9tant totalement s\u00e9curis\u00e9, nous ne pouvons garantir une s\u00e9curit\u00e9 absolue.<\/p><p class=\"\" data-start=\"5648\" data-end=\"5704\"><strong data-start=\"5648\" data-end=\"5704\">10. Modifications de la politique de confidentialit\u00e9<\/strong><\/p><p class=\"\" data-start=\"5706\" data-end=\"5983\">Cette politique de confidentialit\u00e9 peut \u00eatre modifi\u00e9e \u00e0 tout moment. Toute modification sera publi\u00e9e sur cette page, avec une mise \u00e0 jour de la date de r\u00e9vision. Nous vous encourageons \u00e0 consulter r\u00e9guli\u00e8rement cette politique afin de rester inform\u00e9 des \u00e9ventuelles \u00e9volutions.<\/p><p class=\"\" data-start=\"5985\" data-end=\"6000\"><strong data-start=\"5985\" data-end=\"6000\">11. Contact<\/strong><\/p><p class=\"\" data-start=\"6002\" data-end=\"6230\">Pour toute question ou demande concernant cette politique de confidentialit\u00e9, vous pouvez nous contacter par e-mail \u00e0 [Adresse e-mail de contact pour la confidentialit\u00e9] ou par courrier \u00e0 l\u2019adresse suivante : [Adresse compl\u00e8te].<\/p>\t\t\t\t\t\t\t\t<\/div>\n\t\t\t\t<\/div>\n\t\t\t\t\t<\/div>\n\t\t\t\t<\/div>\n\t\t\t\t<\/div>\n\t\t","protected":false},"excerpt":{"rendered":"<p>Cookies et RGPD : Utilisation des cookies Le site [Nom du site] utilise des cookies afin de vous offrir une exp\u00e9rience de navigation optimale, d\u2019analyser la fr\u00e9quentation du site et d\u2019am\u00e9liorer nos services. Un cookie est un petit fichier texte d\u00e9pos\u00e9 sur votre appareil (ordinateur, smartphone, tablette) lorsque vous visitez notre site. Les cookies que [&hellip;]<\/p>\n","protected":false},"author":1,"featured_media":0,"parent":0,"menu_order":0,"comment_status":"closed","ping_status":"closed","template":"","meta":{"ocean_post_layout":"","ocean_both_sidebars_style":"","ocean_both_sidebars_content_width":0,"ocean_both_sidebars_sidebars_width":0,"ocean_sidebar":"","ocean_second_sidebar":"","ocean_disable_margins":"enable","ocean_add_body_class":"","ocean_shortcode_before_top_bar":"","ocean_shortcode_after_top_bar":"","ocean_shortcode_before_header":"","ocean_shortcode_after_header":"","ocean_has_shortcode":"","ocean_shortcode_after_title":"","ocean_shortcode_before_footer_widgets":"","ocean_shortcode_after_footer_widgets":"","ocean_shortcode_before_footer_bottom":"","ocean_shortcode_after_footer_bottom":"","ocean_display_top_bar":"default","ocean_display_header":"default","ocean_header_style":"","ocean_center_header_left_menu":"","ocean_custom_header_template":"","ocean_custom_logo":0,"ocean_custom_retina_logo":0,"ocean_custom_logo_max_width":0,"ocean_custom_logo_tablet_max_width":0,"ocean_custom_logo_mobile_max_width":0,"ocean_custom_logo_max_height":0,"ocean_custom_logo_tablet_max_height":0,"ocean_custom_logo_mobile_max_height":0,"ocean_header_custom_menu":"","ocean_menu_typo_font_family":"","ocean_menu_typo_font_subset":"","ocean_menu_typo_font_size":0,"ocean_menu_typo_font_size_tablet":0,"ocean_menu_typo_font_size_mobile":0,"ocean_menu_typo_font_size_unit":"px","ocean_menu_typo_font_weight":"","ocean_menu_typo_font_weight_tablet":"","ocean_menu_typo_font_weight_mobile":"","ocean_menu_typo_transform":"","ocean_menu_typo_transform_tablet":"","ocean_menu_typo_transform_mobile":"","ocean_menu_typo_line_height":0,"ocean_menu_typo_line_height_tablet":0,"ocean_menu_typo_line_height_mobile":0,"ocean_menu_typo_line_height_unit":"","ocean_menu_typo_spacing":0,"ocean_menu_typo_spacing_tablet":0,"ocean_menu_typo_spacing_mobile":0,"ocean_menu_typo_spacing_unit":"","ocean_menu_link_color":"","ocean_menu_link_color_hover":"","ocean_menu_link_color_active":"","ocean_menu_link_background":"","ocean_menu_link_hover_background":"","ocean_menu_link_active_background":"","ocean_menu_social_links_bg":"","ocean_menu_social_hover_links_bg":"","ocean_menu_social_links_color":"","ocean_menu_social_hover_links_color":"","ocean_disable_title":"default","ocean_disable_heading":"default","ocean_post_title":"","ocean_post_subheading":"","ocean_post_title_style":"","ocean_post_title_background_color":"","ocean_post_title_background":0,"ocean_post_title_bg_image_position":"","ocean_post_title_bg_image_attachment":"","ocean_post_title_bg_image_repeat":"","ocean_post_title_bg_image_size":"","ocean_post_title_height":0,"ocean_post_title_bg_overlay":0.5,"ocean_post_title_bg_overlay_color":"","ocean_disable_breadcrumbs":"default","ocean_breadcrumbs_color":"","ocean_breadcrumbs_separator_color":"","ocean_breadcrumbs_links_color":"","ocean_breadcrumbs_links_hover_color":"","ocean_display_footer_widgets":"default","ocean_display_footer_bottom":"default","ocean_custom_footer_template":"","omw_enable_modal_window":"enable","footnotes":""},"class_list":["post-831","page","type-page","status-publish","hentry","entry","owp-thumbs-layout-horizontal","owp-btn-normal","owp-tabs-layout-horizontal","has-no-thumbnails","has-product-nav"],"yoast_head":"<!-- This site is optimized with the Yoast SEO plugin v25.1 - https:\/\/yoast.com\/wordpress\/plugins\/seo\/ -->\n<title>Cookies - Les p\u00e9pites d&#039;Alice<\/title>\n<meta name=\"description\" content=\"D\u00e9couvrez notre utilisation des cookies ! Les P\u00e9pites d&#039;Alice, c&#039;est une friperie sur Tarbes mais aussi une cave.\" \/>\n<meta name=\"robots\" content=\"index, follow, max-snippet:-1, max-image-preview:large, max-video-preview:-1\" \/>\n<link rel=\"canonical\" href=\"https:\/\/cm.gca-digital.fr\/AliceM\/cookies\/\" \/>\n<meta property=\"og:locale\" content=\"fr_FR\" \/>\n<meta property=\"og:type\" content=\"article\" \/>\n<meta property=\"og:title\" content=\"Cookies - Les p\u00e9pites d&#039;Alice\" \/>\n<meta property=\"og:description\" content=\"D\u00e9couvrez notre utilisation des cookies ! Les P\u00e9pites d&#039;Alice, c&#039;est une friperie sur Tarbes mais aussi une cave.\" \/>\n<meta property=\"og:url\" content=\"https:\/\/cm.gca-digital.fr\/AliceM\/cookies\/\" \/>\n<meta property=\"og:site_name\" content=\"Les p\u00e9pites d&#039;Alice\" \/>\n<meta property=\"article:modified_time\" content=\"2025-05-27T13:52:24+00:00\" \/>\n<meta name=\"twitter:card\" content=\"summary_large_image\" \/>\n<meta name=\"twitter:label1\" content=\"Dur\u00e9e de lecture estim\u00e9e\" \/>\n\t<meta name=\"twitter:data1\" content=\"5 minutes\" \/>\n<script type=\"application\/ld+json\" class=\"yoast-schema-graph\">{\"@context\":\"https:\/\/schema.org\",\"@graph\":[{\"@type\":\"WebPage\",\"@id\":\"https:\/\/cm.gca-digital.fr\/AliceM\/cookies\/\",\"url\":\"https:\/\/cm.gca-digital.fr\/AliceM\/cookies\/\",\"name\":\"Cookies - Les p\u00e9pites d'Alice\",\"isPartOf\":{\"@id\":\"https:\/\/cm.gca-digital.fr\/AliceM\/#website\"},\"datePublished\":\"2025-04-01T09:05:16+00:00\",\"dateModified\":\"2025-05-27T13:52:24+00:00\",\"description\":\"D\u00e9couvrez notre utilisation des cookies ! Les P\u00e9pites d'Alice, c'est une friperie sur Tarbes mais aussi une cave.\",\"breadcrumb\":{\"@id\":\"https:\/\/cm.gca-digital.fr\/AliceM\/cookies\/#breadcrumb\"},\"inLanguage\":\"fr-FR\",\"potentialAction\":[{\"@type\":\"ReadAction\",\"target\":[\"https:\/\/cm.gca-digital.fr\/AliceM\/cookies\/\"]}]},{\"@type\":\"BreadcrumbList\",\"@id\":\"https:\/\/cm.gca-digital.fr\/AliceM\/cookies\/#breadcrumb\",\"itemListElement\":[{\"@type\":\"ListItem\",\"position\":1,\"name\":\"Accueil\",\"item\":\"https:\/\/cm.gca-digital.fr\/AliceM\/\"},{\"@type\":\"ListItem\",\"position\":2,\"name\":\"Cookies\"}]},{\"@type\":\"WebSite\",\"@id\":\"https:\/\/cm.gca-digital.fr\/AliceM\/#website\",\"url\":\"https:\/\/cm.gca-digital.fr\/AliceM\/\",\"name\":\"Les p\u00e9pites d'Alice\",\"description\":\"\",\"publisher\":{\"@id\":\"https:\/\/cm.gca-digital.fr\/AliceM\/#organization\"},\"potentialAction\":[{\"@type\":\"SearchAction\",\"target\":{\"@type\":\"EntryPoint\",\"urlTemplate\":\"https:\/\/cm.gca-digital.fr\/AliceM\/?s={search_term_string}\"},\"query-input\":{\"@type\":\"PropertyValueSpecification\",\"valueRequired\":true,\"valueName\":\"search_term_string\"}}],\"inLanguage\":\"fr-FR\"},{\"@type\":\"Organization\",\"@id\":\"https:\/\/cm.gca-digital.fr\/AliceM\/#organization\",\"name\":\"Les p\u00e9pites d'Alice\",\"url\":\"https:\/\/cm.gca-digital.fr\/AliceM\/\",\"logo\":{\"@type\":\"ImageObject\",\"inLanguage\":\"fr-FR\",\"@id\":\"https:\/\/cm.gca-digital.fr\/AliceM\/#\/schema\/logo\/image\/\",\"url\":\"https:\/\/cm.gca-digital.fr\/AliceM\/wp-content\/uploads\/2025\/01\/LOGO-2-1.png\",\"contentUrl\":\"https:\/\/cm.gca-digital.fr\/AliceM\/wp-content\/uploads\/2025\/01\/LOGO-2-1.png\",\"width\":1409,\"height\":1371,\"caption\":\"Les p\u00e9pites d'Alice\"},\"image\":{\"@id\":\"https:\/\/cm.gca-digital.fr\/AliceM\/#\/schema\/logo\/image\/\"}}]}<\/script>\n<!-- \/ Yoast SEO plugin. -->","yoast_head_json":{"title":"Cookies - Les p\u00e9pites d'Alice","description":"D\u00e9couvrez notre utilisation des cookies ! Les P\u00e9pites d'Alice, c'est une friperie sur Tarbes mais aussi une cave.","robots":{"index":"index","follow":"follow","max-snippet":"max-snippet:-1","max-image-preview":"max-image-preview:large","max-video-preview":"max-video-preview:-1"},"canonical":"https:\/\/cm.gca-digital.fr\/AliceM\/cookies\/","og_locale":"fr_FR","og_type":"article","og_title":"Cookies - Les p\u00e9pites d'Alice","og_description":"D\u00e9couvrez notre utilisation des cookies ! Les P\u00e9pites d'Alice, c'est une friperie sur Tarbes mais aussi une cave.","og_url":"https:\/\/cm.gca-digital.fr\/AliceM\/cookies\/","og_site_name":"Les p\u00e9pites d&#039;Alice","article_modified_time":"2025-05-27T13:52:24+00:00","twitter_card":"summary_large_image","twitter_misc":{"Dur\u00e9e de lecture estim\u00e9e":"5 minutes"},"schema":{"@context":"https:\/\/schema.org","@graph":[{"@type":"WebPage","@id":"https:\/\/cm.gca-digital.fr\/AliceM\/cookies\/","url":"https:\/\/cm.gca-digital.fr\/AliceM\/cookies\/","name":"Cookies - Les p\u00e9pites d'Alice","isPartOf":{"@id":"https:\/\/cm.gca-digital.fr\/AliceM\/#website"},"datePublished":"2025-04-01T09:05:16+00:00","dateModified":"2025-05-27T13:52:24+00:00","description":"D\u00e9couvrez notre utilisation des cookies ! Les P\u00e9pites d'Alice, c'est une friperie sur Tarbes mais aussi une cave.","breadcrumb":{"@id":"https:\/\/cm.gca-digital.fr\/AliceM\/cookies\/#breadcrumb"},"inLanguage":"fr-FR","potentialAction":[{"@type":"ReadAction","target":["https:\/\/cm.gca-digital.fr\/AliceM\/cookies\/"]}]},{"@type":"BreadcrumbList","@id":"https:\/\/cm.gca-digital.fr\/AliceM\/cookies\/#breadcrumb","itemListElement":[{"@type":"ListItem","position":1,"name":"Accueil","item":"https:\/\/cm.gca-digital.fr\/AliceM\/"},{"@type":"ListItem","position":2,"name":"Cookies"}]},{"@type":"WebSite","@id":"https:\/\/cm.gca-digital.fr\/AliceM\/#website","url":"https:\/\/cm.gca-digital.fr\/AliceM\/","name":"Les p\u00e9pites d'Alice","description":"","publisher":{"@id":"https:\/\/cm.gca-digital.fr\/AliceM\/#organization"},"potentialAction":[{"@type":"SearchAction","target":{"@type":"EntryPoint","urlTemplate":"https:\/\/cm.gca-digital.fr\/AliceM\/?s={search_term_string}"},"query-input":{"@type":"PropertyValueSpecification","valueRequired":true,"valueName":"search_term_string"}}],"inLanguage":"fr-FR"},{"@type":"Organization","@id":"https:\/\/cm.gca-digital.fr\/AliceM\/#organization","name":"Les p\u00e9pites d'Alice","url":"https:\/\/cm.gca-digital.fr\/AliceM\/","logo":{"@type":"ImageObject","inLanguage":"fr-FR","@id":"https:\/\/cm.gca-digital.fr\/AliceM\/#\/schema\/logo\/image\/","url":"https:\/\/cm.gca-digital.fr\/AliceM\/wp-content\/uploads\/2025\/01\/LOGO-2-1.png","contentUrl":"https:\/\/cm.gca-digital.fr\/AliceM\/wp-content\/uploads\/2025\/01\/LOGO-2-1.png","width":1409,"height":1371,"caption":"Les p\u00e9pites d'Alice"},"image":{"@id":"https:\/\/cm.gca-digital.fr\/AliceM\/#\/schema\/logo\/image\/"}}]}},"_links":{"self":[{"href":"https:\/\/cm.gca-digital.fr\/AliceM\/wp-json\/wp\/v2\/pages\/831","targetHints":{"allow":["GET"]}}],"collection":[{"href":"https:\/\/cm.gca-digital.fr\/AliceM\/wp-json\/wp\/v2\/pages"}],"about":[{"href":"https:\/\/cm.gca-digital.fr\/AliceM\/wp-json\/wp\/v2\/types\/page"}],"author":[{"embeddable":true,"href":"https:\/\/cm.gca-digital.fr\/AliceM\/wp-json\/wp\/v2\/users\/1"}],"replies":[{"embeddable":true,"href":"https:\/\/cm.gca-digital.fr\/AliceM\/wp-json\/wp\/v2\/comments?post=831"}],"version-history":[{"count":7,"href":"https:\/\/cm.gca-digital.fr\/AliceM\/wp-json\/wp\/v2\/pages\/831\/revisions"}],"predecessor-version":[{"id":849,"href":"https:\/\/cm.gca-digital.fr\/AliceM\/wp-json\/wp\/v2\/pages\/831\/revisions\/849"}],"wp:attachment":[{"href":"https:\/\/cm.gca-digital.fr\/AliceM\/wp-json\/wp\/v2\/media?parent=831"}],"curies":[{"name":"wp","href":"https:\/\/api.w.org\/{rel}","templated":true}]}}