{"id":836,"date":"2025-04-01T11:12:53","date_gmt":"2025-04-01T09:12:53","guid":{"rendered":"https:\/\/cm.gca-digital.fr\/AliceM\/?page_id=836"},"modified":"2025-04-01T11:14:47","modified_gmt":"2025-04-01T09:14:47","slug":"cgv","status":"publish","type":"page","link":"https:\/\/cm.gca-digital.fr\/AliceM\/cgv\/","title":{"rendered":"CGV"},"content":{"rendered":"\t\t<div data-elementor-type=\"wp-page\" data-elementor-id=\"836\" class=\"elementor elementor-836\">\n\t\t\t\t<div class=\"elementor-element elementor-element-c3fd443 e-flex e-con-boxed e-con e-parent\" data-id=\"c3fd443\" data-element_type=\"container\">\n\t\t\t\t\t<div class=\"e-con-inner\">\n\t\t\t\t<div class=\"elementor-element elementor-element-baa8150 elementor-widget elementor-widget-heading\" data-id=\"baa8150\" data-element_type=\"widget\" data-widget_type=\"heading.default\">\n\t\t\t\t<div class=\"elementor-widget-container\">\n\t\t\t\t\t<h2 class=\"elementor-heading-title elementor-size-default\">Conditions g\u00e9n\u00e9rales de vente :<\/h2>\t\t\t\t<\/div>\n\t\t\t\t<\/div>\n\t\t\t\t\t<\/div>\n\t\t\t\t<\/div>\n\t\t<div class=\"elementor-element elementor-element-c265489 e-flex e-con-boxed e-con e-parent\" data-id=\"c265489\" data-element_type=\"container\">\n\t\t\t\t\t<div class=\"e-con-inner\">\n\t\t\t\t<div class=\"elementor-element elementor-element-494835b elementor-widget elementor-widget-text-editor\" data-id=\"494835b\" data-element_type=\"widget\" data-widget_type=\"text-editor.default\">\n\t\t\t\t<div class=\"elementor-widget-container\">\n\t\t\t\t\t\t\t\t\t<p class=\"\" data-start=\"49\" data-end=\"124\"><strong data-start=\"49\" data-end=\"124\">Conditions g\u00e9n\u00e9rales de vente concernant des articles de seconde main :<\/strong><\/p><p class=\"\" data-start=\"126\" data-end=\"1076\">Les conditions g\u00e9n\u00e9rales de vente (CGV) pour des articles de seconde main r\u00e9gissent les modalit\u00e9s d&rsquo;achat et de vente entre le vendeur et l&rsquo;acheteur. Elles pr\u00e9cisent que les produits vendus sont d&rsquo;occasion et peuvent pr\u00e9senter des signes d&rsquo;usure ou des d\u00e9fauts, lesquels doivent \u00eatre clairement mentionn\u00e9s dans les descriptions des articles. Le vendeur s&rsquo;engage \u00e0 fournir des informations honn\u00eates et d\u00e9taill\u00e9es concernant l&rsquo;\u00e9tat des biens, tandis que l&rsquo;acheteur reconna\u00eet \u00eatre inform\u00e9 des sp\u00e9cificit\u00e9s de ces produits d&rsquo;occasion avant de finaliser son achat. Les retours et remboursements peuvent \u00eatre limit\u00e9s, sauf si l&rsquo;article est non conforme \u00e0 la description ou d\u00e9fectueux. Il est \u00e9galement essentiel que le paiement se fasse dans les conditions d\u00e9finies par le vendeur, et que la livraison soit effectu\u00e9e dans un d\u00e9lai convenu. L&rsquo;acheteur, en achetant un article de seconde main, accepte ces conditions et assume la responsabilit\u00e9 de son choix.<\/p><p class=\"\" data-start=\"1078\" data-end=\"1131\"><strong data-start=\"1078\" data-end=\"1131\">Conditions g\u00e9n\u00e9rales de vente concernant le vin :<\/strong><\/p><p class=\"\" data-start=\"1133\" data-end=\"2219\">Les conditions g\u00e9n\u00e9rales de vente relatives au vin pr\u00e9cisent que la vente de boissons alcoolis\u00e9es est soumise \u00e0 la l\u00e9gislation en vigueur, notamment en ce qui concerne l&rsquo;\u00e2ge l\u00e9gal de l&rsquo;acheteur, qui doit \u00eatre conforme \u00e0 la l\u00e9gislation locale (g\u00e9n\u00e9ralement 18 ans ou plus). Le vendeur doit s&rsquo;assurer que les produits sont vendus de mani\u00e8re responsable et que l&rsquo;acheteur a pris connaissance de la provenance, de la qualit\u00e9 et des caract\u00e9ristiques sp\u00e9cifiques des vins propos\u00e9s \u00e0 la vente. La vente de vin peut inclure des informations sur la conservation, les conditions de livraison, ainsi que sur la politique de retours ou d&rsquo;\u00e9changes, qui peut \u00eatre restreinte en raison de la nature p\u00e9rissable des produits. Le paiement doit \u00eatre effectu\u00e9 conform\u00e9ment aux modalit\u00e9s d\u00e9finies par le vendeur, et les conditions de livraison doivent garantir que le vin est achemin\u00e9 dans des conditions optimales pour pr\u00e9server sa qualit\u00e9. L&rsquo;acheteur, en acceptant ces CGV, reconna\u00eet que la consommation excessive d&rsquo;alcool comporte des risques pour la sant\u00e9 et s&rsquo;engage \u00e0 consommer de mani\u00e8re responsable.<\/p>\t\t\t\t\t\t\t\t<\/div>\n\t\t\t\t<\/div>\n\t\t\t\t\t<\/div>\n\t\t\t\t<\/div>\n\t\t\t\t<\/div>\n\t\t","protected":false},"excerpt":{"rendered":"<p>Conditions g\u00e9n\u00e9rales de vente : Conditions g\u00e9n\u00e9rales de vente concernant des articles de seconde main : Les conditions g\u00e9n\u00e9rales de vente (CGV) pour des articles de seconde main r\u00e9gissent les modalit\u00e9s d&rsquo;achat et de vente entre le vendeur et l&rsquo;acheteur. Elles pr\u00e9cisent que les produits vendus sont d&rsquo;occasion et peuvent pr\u00e9senter des signes d&rsquo;usure ou [&hellip;]<\/p>\n","protected":false},"author":1,"featured_media":0,"parent":0,"menu_order":0,"comment_status":"closed","ping_status":"closed","template":"","meta":{"ocean_post_layout":"","ocean_both_sidebars_style":"","ocean_both_sidebars_content_width":0,"ocean_both_sidebars_sidebars_width":0,"ocean_sidebar":"","ocean_second_sidebar":"","ocean_disable_margins":"enable","ocean_add_body_class":"","ocean_shortcode_before_top_bar":"","ocean_shortcode_after_top_bar":"","ocean_shortcode_before_header":"","ocean_shortcode_after_header":"","ocean_has_shortcode":"","ocean_shortcode_after_title":"","ocean_shortcode_before_footer_widgets":"","ocean_shortcode_after_footer_widgets":"","ocean_shortcode_before_footer_bottom":"","ocean_shortcode_after_footer_bottom":"","ocean_display_top_bar":"default","ocean_display_header":"default","ocean_header_style":"","ocean_center_header_left_menu":"","ocean_custom_header_template":"","ocean_custom_logo":0,"ocean_custom_retina_logo":0,"ocean_custom_logo_max_width":0,"ocean_custom_logo_tablet_max_width":0,"ocean_custom_logo_mobile_max_width":0,"ocean_custom_logo_max_height":0,"ocean_custom_logo_tablet_max_height":0,"ocean_custom_logo_mobile_max_height":0,"ocean_header_custom_menu":"","ocean_menu_typo_font_family":"","ocean_menu_typo_font_subset":"","ocean_menu_typo_font_size":0,"ocean_menu_typo_font_size_tablet":0,"ocean_menu_typo_font_size_mobile":0,"ocean_menu_typo_font_size_unit":"px","ocean_menu_typo_font_weight":"","ocean_menu_typo_font_weight_tablet":"","ocean_menu_typo_font_weight_mobile":"","ocean_menu_typo_transform":"","ocean_menu_typo_transform_tablet":"","ocean_menu_typo_transform_mobile":"","ocean_menu_typo_line_height":0,"ocean_menu_typo_line_height_tablet":0,"ocean_menu_typo_line_height_mobile":0,"ocean_menu_typo_line_height_unit":"","ocean_menu_typo_spacing":0,"ocean_menu_typo_spacing_tablet":0,"ocean_menu_typo_spacing_mobile":0,"ocean_menu_typo_spacing_unit":"","ocean_menu_link_color":"","ocean_menu_link_color_hover":"","ocean_menu_link_color_active":"","ocean_menu_link_background":"","ocean_menu_link_hover_background":"","ocean_menu_link_active_background":"","ocean_menu_social_links_bg":"","ocean_menu_social_hover_links_bg":"","ocean_menu_social_links_color":"","ocean_menu_social_hover_links_color":"","ocean_disable_title":"default","ocean_disable_heading":"default","ocean_post_title":"","ocean_post_subheading":"","ocean_post_title_style":"","ocean_post_title_background_color":"","ocean_post_title_background":0,"ocean_post_title_bg_image_position":"","ocean_post_title_bg_image_attachment":"","ocean_post_title_bg_image_repeat":"","ocean_post_title_bg_image_size":"","ocean_post_title_height":0,"ocean_post_title_bg_overlay":0.5,"ocean_post_title_bg_overlay_color":"","ocean_disable_breadcrumbs":"default","ocean_breadcrumbs_color":"","ocean_breadcrumbs_separator_color":"","ocean_breadcrumbs_links_color":"","ocean_breadcrumbs_links_hover_color":"","ocean_display_footer_widgets":"default","ocean_display_footer_bottom":"default","ocean_custom_footer_template":"","omw_enable_modal_window":"enable","footnotes":""},"class_list":["post-836","page","type-page","status-publish","hentry","entry","owp-thumbs-layout-horizontal","owp-btn-normal","owp-tabs-layout-horizontal","has-no-thumbnails","has-product-nav"],"yoast_head":"<!-- This site is optimized with the Yoast SEO plugin v25.1 - https:\/\/yoast.com\/wordpress\/plugins\/seo\/ -->\n<title>CGV - Les p\u00e9pites d&#039;Alice<\/title>\n<meta name=\"robots\" content=\"index, follow, max-snippet:-1, max-image-preview:large, max-video-preview:-1\" \/>\n<link rel=\"canonical\" href=\"https:\/\/cm.gca-digital.fr\/AliceM\/cgv\/\" \/>\n<meta property=\"og:locale\" content=\"fr_FR\" \/>\n<meta property=\"og:type\" content=\"article\" \/>\n<meta property=\"og:title\" content=\"CGV - Les p\u00e9pites d&#039;Alice\" \/>\n<meta property=\"og:description\" content=\"Conditions g\u00e9n\u00e9rales de vente : Conditions g\u00e9n\u00e9rales de vente concernant des articles de seconde main : Les conditions g\u00e9n\u00e9rales de vente (CGV) pour des articles de seconde main r\u00e9gissent les modalit\u00e9s d&rsquo;achat et de vente entre le vendeur et l&rsquo;acheteur. Elles pr\u00e9cisent que les produits vendus sont d&rsquo;occasion et peuvent pr\u00e9senter des signes d&rsquo;usure ou [&hellip;]\" \/>\n<meta property=\"og:url\" content=\"https:\/\/cm.gca-digital.fr\/AliceM\/cgv\/\" \/>\n<meta property=\"og:site_name\" content=\"Les p\u00e9pites d&#039;Alice\" \/>\n<meta property=\"article:modified_time\" content=\"2025-04-01T09:14:47+00:00\" \/>\n<meta name=\"twitter:card\" content=\"summary_large_image\" \/>\n<meta name=\"twitter:label1\" content=\"Dur\u00e9e de lecture estim\u00e9e\" \/>\n\t<meta name=\"twitter:data1\" content=\"2 minutes\" \/>\n<script type=\"application\/ld+json\" class=\"yoast-schema-graph\">{\"@context\":\"https:\/\/schema.org\",\"@graph\":[{\"@type\":\"WebPage\",\"@id\":\"https:\/\/cm.gca-digital.fr\/AliceM\/cgv\/\",\"url\":\"https:\/\/cm.gca-digital.fr\/AliceM\/cgv\/\",\"name\":\"CGV - Les p\u00e9pites d&#039;Alice\",\"isPartOf\":{\"@id\":\"https:\/\/cm.gca-digital.fr\/AliceM\/#website\"},\"datePublished\":\"2025-04-01T09:12:53+00:00\",\"dateModified\":\"2025-04-01T09:14:47+00:00\",\"breadcrumb\":{\"@id\":\"https:\/\/cm.gca-digital.fr\/AliceM\/cgv\/#breadcrumb\"},\"inLanguage\":\"fr-FR\",\"potentialAction\":[{\"@type\":\"ReadAction\",\"target\":[\"https:\/\/cm.gca-digital.fr\/AliceM\/cgv\/\"]}]},{\"@type\":\"BreadcrumbList\",\"@id\":\"https:\/\/cm.gca-digital.fr\/AliceM\/cgv\/#breadcrumb\",\"itemListElement\":[{\"@type\":\"ListItem\",\"position\":1,\"name\":\"Accueil\",\"item\":\"https:\/\/cm.gca-digital.fr\/AliceM\/\"},{\"@type\":\"ListItem\",\"position\":2,\"name\":\"CGV\"}]},{\"@type\":\"WebSite\",\"@id\":\"https:\/\/cm.gca-digital.fr\/AliceM\/#website\",\"url\":\"https:\/\/cm.gca-digital.fr\/AliceM\/\",\"name\":\"Les p\u00e9pites d'Alice\",\"description\":\"\",\"publisher\":{\"@id\":\"https:\/\/cm.gca-digital.fr\/AliceM\/#organization\"},\"potentialAction\":[{\"@type\":\"SearchAction\",\"target\":{\"@type\":\"EntryPoint\",\"urlTemplate\":\"https:\/\/cm.gca-digital.fr\/AliceM\/?s={search_term_string}\"},\"query-input\":{\"@type\":\"PropertyValueSpecification\",\"valueRequired\":true,\"valueName\":\"search_term_string\"}}],\"inLanguage\":\"fr-FR\"},{\"@type\":\"Organization\",\"@id\":\"https:\/\/cm.gca-digital.fr\/AliceM\/#organization\",\"name\":\"Les p\u00e9pites d'Alice\",\"url\":\"https:\/\/cm.gca-digital.fr\/AliceM\/\",\"logo\":{\"@type\":\"ImageObject\",\"inLanguage\":\"fr-FR\",\"@id\":\"https:\/\/cm.gca-digital.fr\/AliceM\/#\/schema\/logo\/image\/\",\"url\":\"https:\/\/cm.gca-digital.fr\/AliceM\/wp-content\/uploads\/2025\/01\/LOGO-2-1.png\",\"contentUrl\":\"https:\/\/cm.gca-digital.fr\/AliceM\/wp-content\/uploads\/2025\/01\/LOGO-2-1.png\",\"width\":1409,\"height\":1371,\"caption\":\"Les p\u00e9pites d'Alice\"},\"image\":{\"@id\":\"https:\/\/cm.gca-digital.fr\/AliceM\/#\/schema\/logo\/image\/\"}}]}<\/script>\n<!-- \/ Yoast SEO plugin. -->","yoast_head_json":{"title":"CGV - Les p\u00e9pites d&#039;Alice","robots":{"index":"index","follow":"follow","max-snippet":"max-snippet:-1","max-image-preview":"max-image-preview:large","max-video-preview":"max-video-preview:-1"},"canonical":"https:\/\/cm.gca-digital.fr\/AliceM\/cgv\/","og_locale":"fr_FR","og_type":"article","og_title":"CGV - Les p\u00e9pites d&#039;Alice","og_description":"Conditions g\u00e9n\u00e9rales de vente : Conditions g\u00e9n\u00e9rales de vente concernant des articles de seconde main : Les conditions g\u00e9n\u00e9rales de vente (CGV) pour des articles de seconde main r\u00e9gissent les modalit\u00e9s d&rsquo;achat et de vente entre le vendeur et l&rsquo;acheteur. Elles pr\u00e9cisent que les produits vendus sont d&rsquo;occasion et peuvent pr\u00e9senter des signes d&rsquo;usure ou [&hellip;]","og_url":"https:\/\/cm.gca-digital.fr\/AliceM\/cgv\/","og_site_name":"Les p\u00e9pites d&#039;Alice","article_modified_time":"2025-04-01T09:14:47+00:00","twitter_card":"summary_large_image","twitter_misc":{"Dur\u00e9e de lecture estim\u00e9e":"2 minutes"},"schema":{"@context":"https:\/\/schema.org","@graph":[{"@type":"WebPage","@id":"https:\/\/cm.gca-digital.fr\/AliceM\/cgv\/","url":"https:\/\/cm.gca-digital.fr\/AliceM\/cgv\/","name":"CGV - Les p\u00e9pites d&#039;Alice","isPartOf":{"@id":"https:\/\/cm.gca-digital.fr\/AliceM\/#website"},"datePublished":"2025-04-01T09:12:53+00:00","dateModified":"2025-04-01T09:14:47+00:00","breadcrumb":{"@id":"https:\/\/cm.gca-digital.fr\/AliceM\/cgv\/#breadcrumb"},"inLanguage":"fr-FR","potentialAction":[{"@type":"ReadAction","target":["https:\/\/cm.gca-digital.fr\/AliceM\/cgv\/"]}]},{"@type":"BreadcrumbList","@id":"https:\/\/cm.gca-digital.fr\/AliceM\/cgv\/#breadcrumb","itemListElement":[{"@type":"ListItem","position":1,"name":"Accueil","item":"https:\/\/cm.gca-digital.fr\/AliceM\/"},{"@type":"ListItem","position":2,"name":"CGV"}]},{"@type":"WebSite","@id":"https:\/\/cm.gca-digital.fr\/AliceM\/#website","url":"https:\/\/cm.gca-digital.fr\/AliceM\/","name":"Les p\u00e9pites d'Alice","description":"","publisher":{"@id":"https:\/\/cm.gca-digital.fr\/AliceM\/#organization"},"potentialAction":[{"@type":"SearchAction","target":{"@type":"EntryPoint","urlTemplate":"https:\/\/cm.gca-digital.fr\/AliceM\/?s={search_term_string}"},"query-input":{"@type":"PropertyValueSpecification","valueRequired":true,"valueName":"search_term_string"}}],"inLanguage":"fr-FR"},{"@type":"Organization","@id":"https:\/\/cm.gca-digital.fr\/AliceM\/#organization","name":"Les p\u00e9pites d'Alice","url":"https:\/\/cm.gca-digital.fr\/AliceM\/","logo":{"@type":"ImageObject","inLanguage":"fr-FR","@id":"https:\/\/cm.gca-digital.fr\/AliceM\/#\/schema\/logo\/image\/","url":"https:\/\/cm.gca-digital.fr\/AliceM\/wp-content\/uploads\/2025\/01\/LOGO-2-1.png","contentUrl":"https:\/\/cm.gca-digital.fr\/AliceM\/wp-content\/uploads\/2025\/01\/LOGO-2-1.png","width":1409,"height":1371,"caption":"Les p\u00e9pites d'Alice"},"image":{"@id":"https:\/\/cm.gca-digital.fr\/AliceM\/#\/schema\/logo\/image\/"}}]}},"_links":{"self":[{"href":"https:\/\/cm.gca-digital.fr\/AliceM\/wp-json\/wp\/v2\/pages\/836","targetHints":{"allow":["GET"]}}],"collection":[{"href":"https:\/\/cm.gca-digital.fr\/AliceM\/wp-json\/wp\/v2\/pages"}],"about":[{"href":"https:\/\/cm.gca-digital.fr\/AliceM\/wp-json\/wp\/v2\/types\/page"}],"author":[{"embeddable":true,"href":"https:\/\/cm.gca-digital.fr\/AliceM\/wp-json\/wp\/v2\/users\/1"}],"replies":[{"embeddable":true,"href":"https:\/\/cm.gca-digital.fr\/AliceM\/wp-json\/wp\/v2\/comments?post=836"}],"version-history":[{"count":4,"href":"https:\/\/cm.gca-digital.fr\/AliceM\/wp-json\/wp\/v2\/pages\/836\/revisions"}],"predecessor-version":[{"id":840,"href":"https:\/\/cm.gca-digital.fr\/AliceM\/wp-json\/wp\/v2\/pages\/836\/revisions\/840"}],"wp:attachment":[{"href":"https:\/\/cm.gca-digital.fr\/AliceM\/wp-json\/wp\/v2\/media?parent=836"}],"curies":[{"name":"wp","href":"https:\/\/api.w.org\/{rel}","templated":true}]}}