{"id":1306,"date":"2025-06-19T14:51:00","date_gmt":"2025-06-19T12:51:00","guid":{"rendered":"https:\/\/cm.gca-digital.fr\/CM2025-05\/?page_id=1306"},"modified":"2025-06-19T14:51:42","modified_gmt":"2025-06-19T12:51:42","slug":"rgpd-cookies","status":"publish","type":"page","link":"https:\/\/cm.gca-digital.fr\/CM2025-05\/rgpd-cookies\/","title":{"rendered":"RGPD &#8211; Cookies"},"content":{"rendered":"\t\t<div data-elementor-type=\"wp-page\" data-elementor-id=\"1306\" class=\"elementor elementor-1306\">\n\t\t\t\t\t\t<section class=\"elementor-section elementor-top-section elementor-element elementor-element-67bccc4 elementor-section-height-min-height elementor-section-boxed elementor-section-height-default elementor-section-items-middle\" data-id=\"67bccc4\" data-element_type=\"section\" data-settings=\"{&quot;background_background&quot;:&quot;classic&quot;}\">\n\t\t\t\t\t\t\t<div class=\"elementor-background-overlay\"><\/div>\n\t\t\t\t\t\t\t<div class=\"elementor-container elementor-column-gap-default\">\n\t\t\t\t\t<div class=\"elementor-column elementor-col-100 elementor-top-column elementor-element elementor-element-23a601b\" data-id=\"23a601b\" data-element_type=\"column\">\n\t\t\t<div class=\"elementor-widget-wrap elementor-element-populated\">\n\t\t\t\t\t\t<div class=\"elementor-element elementor-element-fb64808 elementor-widget-divider--view-line elementor-widget elementor-widget-divider\" data-id=\"fb64808\" data-element_type=\"widget\" data-widget_type=\"divider.default\">\n\t\t\t\t<div class=\"elementor-widget-container\">\n\t\t\t\t\t\t\t<div class=\"elementor-divider\">\n\t\t\t<span class=\"elementor-divider-separator\">\n\t\t\t\t\t\t<\/span>\n\t\t<\/div>\n\t\t\t\t\t\t<\/div>\n\t\t\t\t<\/div>\n\t\t\t\t<div class=\"elementor-element elementor-element-5c316fb elementor-widget elementor-widget-heading\" data-id=\"5c316fb\" data-element_type=\"widget\" data-widget_type=\"heading.default\">\n\t\t\t\t<div class=\"elementor-widget-container\">\n\t\t\t\t\t<h1 class=\"elementor-heading-title elementor-size-default\">RGPD - COOKIES<\/h1>\t\t\t\t<\/div>\n\t\t\t\t<\/div>\n\t\t\t\t\t<\/div>\n\t\t<\/div>\n\t\t\t\t\t<\/div>\n\t\t<\/section>\n\t\t\t\t<section class=\"elementor-section elementor-top-section elementor-element elementor-element-8f2a3b1 elementor-section-boxed elementor-section-height-default elementor-section-height-default\" data-id=\"8f2a3b1\" data-element_type=\"section\">\n\t\t\t\t\t\t<div class=\"elementor-container elementor-column-gap-default\">\n\t\t\t\t\t<div class=\"elementor-column elementor-col-100 elementor-top-column elementor-element elementor-element-9427d45\" data-id=\"9427d45\" data-element_type=\"column\">\n\t\t\t<div class=\"elementor-widget-wrap elementor-element-populated\">\n\t\t\t\t\t\t<section class=\"elementor-section elementor-inner-section elementor-element elementor-element-d71a85d elementor-section-content-middle elementor-section-boxed elementor-section-height-default elementor-section-height-default\" data-id=\"d71a85d\" data-element_type=\"section\">\n\t\t\t\t\t\t<div class=\"elementor-container elementor-column-gap-no\">\n\t\t\t\t\t<div class=\"elementor-column elementor-col-100 elementor-inner-column elementor-element elementor-element-6968d02\" data-id=\"6968d02\" data-element_type=\"column\">\n\t\t\t<div class=\"elementor-widget-wrap elementor-element-populated\">\n\t\t\t\t\t\t<div class=\"elementor-element elementor-element-72ec90f elementor-widget elementor-widget-spacer\" data-id=\"72ec90f\" data-element_type=\"widget\" data-widget_type=\"spacer.default\">\n\t\t\t\t<div class=\"elementor-widget-container\">\n\t\t\t\t\t\t\t<div class=\"elementor-spacer\">\n\t\t\t<div class=\"elementor-spacer-inner\"><\/div>\n\t\t<\/div>\n\t\t\t\t\t\t<\/div>\n\t\t\t\t<\/div>\n\t\t\t\t<div class=\"elementor-element elementor-element-bf1a52a elementor-widget elementor-widget-heading\" data-id=\"bf1a52a\" data-element_type=\"widget\" data-widget_type=\"heading.default\">\n\t\t\t\t<div class=\"elementor-widget-container\">\n\t\t\t\t\t<p class=\"elementor-heading-title elementor-size-default\"><h2 data-start=\"245\" data-end=\"304\"> Politique de confidentialit\u00e9 &amp; gestion des cookies<\/h2>\n<h3 data-start=\"305\" data-end=\"326\">Le Petit B\u00e9arnais<\/h3>\n<h3 data-start=\"328\" data-end=\"350\">1. <strong data-start=\"335\" data-end=\"348\">Pr\u00e9ambule<\/strong><\/h3><p data-start=\"351\" data-end=\"641\">Chez <em data-start=\"356\" data-end=\"375\">Le Petit B\u00e9arnais<\/em>, nous accordons une grande importance \u00e0 la confidentialit\u00e9 de vos donn\u00e9es. En tant qu\u2019\u00e9tablissement \u00e0 taille humaine, nous nous engageons \u00e0 respecter votre vie priv\u00e9e, conform\u00e9ment au <strong data-start=\"560\" data-end=\"618\">R\u00e8glement G\u00e9n\u00e9ral sur la Protection des Donn\u00e9es (RGPD)<\/strong> et \u00e0 la loi fran\u00e7aise.<\/p>\n<hr data-start=\"643\" data-end=\"646\">\n<h3 data-start=\"648\" data-end=\"692\">2. <strong data-start=\"655\" data-end=\"690\">Donn\u00e9es personnelles collect\u00e9es<\/strong><\/h3><p data-start=\"693\" data-end=\"791\">Nous ne collectons que les donn\u00e9es strictement n\u00e9cessaires et uniquement dans les cas suivants :<\/p><ul data-start=\"792\" data-end=\"972\"><li data-start=\"792\" data-end=\"866\"><p data-start=\"794\" data-end=\"866\">Lorsque vous remplissez un <strong data-start=\"821\" data-end=\"864\">formulaire de contact ou de r\u00e9servation<\/strong><\/p><\/li><li data-start=\"867\" data-end=\"919\"><p data-start=\"869\" data-end=\"919\">Lors de votre inscription \u00e0 notre <strong data-start=\"903\" data-end=\"917\">newsletter<\/strong><\/p><\/li><li data-start=\"920\" data-end=\"972\"><p data-start=\"922\" data-end=\"972\">Lorsque vous nous contactez par t\u00e9l\u00e9phone ou email<\/p><\/li><\/ul>\n<p data-start=\"974\" data-end=\"1094\">Les donn\u00e9es concern\u00e9es peuvent inclure : nom, pr\u00e9nom, adresse email, num\u00e9ro de t\u00e9l\u00e9phone, pr\u00e9f\u00e9rences alimentaires, etc.<\/p><hr data-start=\"1096\" data-end=\"1099\">\n<h3 data-start=\"1101\" data-end=\"1137\">3. <strong data-start=\"1108\" data-end=\"1135\">Utilisation des donn\u00e9es<\/strong><\/h3><p data-start=\"1138\" data-end=\"1200\">Les informations collect\u00e9es sont utilis\u00e9es uniquement pour :<\/p><ul data-start=\"1201\" data-end=\"1381\"><li data-start=\"1201\" data-end=\"1228\"><p data-start=\"1203\" data-end=\"1228\">R\u00e9pondre \u00e0 vos demandes<\/p><\/li><li data-start=\"1229\" data-end=\"1255\"><p data-start=\"1231\" data-end=\"1255\">G\u00e9rer les r\u00e9servations<\/p><\/li><li data-start=\"1256\" data-end=\"1327\"><p data-start=\"1258\" data-end=\"1327\">Vous envoyer des informations ou actualit\u00e9s si vous y avez consenti<\/p><\/li><li data-start=\"1328\" data-end=\"1381\"><p data-start=\"1330\" data-end=\"1381\">Am\u00e9liorer l\u2019exp\u00e9rience utilisateur sur notre site<\/p><\/li><\/ul>\n<p data-start=\"1383\" data-end=\"1449\">Nous ne vendons ni ne transmettons jamais vos donn\u00e9es \u00e0 des tiers.<\/p>\n<hr data-start=\"1451\" data-end=\"1454\">\n<h3 data-start=\"1456\" data-end=\"1476\">4. <strong data-start=\"1463\" data-end=\"1474\">Cookies<\/strong><\/h3><p data-start=\"1477\" data-end=\"1523\">Notre site utilise des <strong data-start=\"1500\" data-end=\"1511\">cookies<\/strong> afin de :<\/p><ul data-start=\"1524\" data-end=\"1679\"><li data-start=\"1524\" data-end=\"1594\"><p data-start=\"1526\" data-end=\"1594\">Analyser la fr\u00e9quentation (Google Analytics, Matomo ou \u00e9quivalent)<\/p><\/li><li data-start=\"1595\" data-end=\"1625\"><p data-start=\"1597\" data-end=\"1625\">Am\u00e9liorer votre navigation<\/p><\/li><li data-start=\"1626\" data-end=\"1679\"><p data-start=\"1628\" data-end=\"1679\">M\u00e9moriser vos pr\u00e9f\u00e9rences (ex : langue, formulaire)<\/p><\/li><\/ul><blockquote data-start=\"1681\" data-end=\"1835\">\n<p data-start=\"1683\" data-end=\"1835\">\u2705 Lors de votre premi\u00e8re visite, un bandeau vous informe de l\u2019utilisation des cookies et vous permet d\u2019accepter ou de refuser tout ou partie de ceux-ci.<\/p>\n<\/blockquote>\n<h4 data-start=\"1837\" data-end=\"1871\">Types de cookies utilis\u00e9s :<\/h4><ul data-start=\"1872\" data-end=\"2094\">\n<li data-start=\"1872\" data-end=\"1932\"><p data-start=\"1874\" data-end=\"1932\"><strong data-start=\"1874\" data-end=\"1890\">Fonctionnels<\/strong> : n\u00e9cessaires au fonctionnement du sit<\/p><\/li><li data-start=\"1933\" data-end=\"1984\"><p data-start=\"1935\" data-end=\"1984\"><strong data-start=\"1935\" data-end=\"1951\">Statistiques<\/strong> : mesure d\u2019audience (anonymes)<\/p><\/li><li data-start=\"1985\" data-end=\"2094\"><p data-start=\"1987\" data-end=\"2094\"><strong data-start=\"1987\" data-end=\"2000\">Marketing<\/strong> <em data-start=\"2001\" data-end=\"2018\">(si applicable)<\/em> : pour proposer du contenu cibl\u00e9 (rare pour un site vitrine comme le v\u00f4tre)<\/p><\/li><\/ul>\n\n<h3 data-start=\"2101\" data-end=\"2135\">5. <strong data-start=\"2108\" data-end=\"2133\">Dur\u00e9e de conservation<\/strong><\/h3><p data-start=\"2136\" data-end=\"2289\">Les donn\u00e9es sont conserv\u00e9es pour une dur\u00e9e maximale de <strong data-start=\"2191\" data-end=\"2200\">3 ans<\/strong> \u00e0 compter du dernier contact, sauf obligation l\u00e9gale ou demande contraire de votre part.<\/p>\n<hr data-start=\"2291\" data-end=\"2294\">\n<h3 data-start=\"2296\" data-end=\"2319\">6. <strong data-start=\"2303\" data-end=\"2317\">Vos droits<\/strong><\/h3><p data-start=\"2320\" data-end=\"2371\">Conform\u00e9ment au RGPD, vous pouvez \u00e0 tout moment :<\/p><ul data-start=\"2372\" data-end=\"2490\"><li data-start=\"2372\" data-end=\"2397\"><p data-start=\"2374\" data-end=\"2397\">Acc\u00e9der \u00e0 vos donn\u00e9es<\/p><\/li><li data-start=\"2398\" data-end=\"2431\"><p data-start=\"2400\" data-end=\"2431\">Les modifier ou les supprimer<\/p><\/li><li data-start=\"2432\" data-end=\"2461\"><p data-start=\"2434\" data-end=\"2461\">Demander leur portabilit\u00e9<\/p><\/li><li data-start=\"2462\" data-end=\"2490\"><p data-start=\"2464\" data-end=\"2490\">Retirer votre consentement<\/p><\/li><\/ul><hr data-start=\"2613\" data-end=\"2616\">\n<h3 data-start=\"2618\" data-end=\"2664\">7. <strong data-start=\"2625\" data-end=\"2662\">Contact &amp; responsable des donn\u00e9es<\/strong><\/h3><p data-start=\"2665\" data-end=\"2793\">Le responsable du traitement des donn\u00e9es est :\n<strong data-start=\"2714\" data-end=\"2741\">Le Petit B\u00e9arnais \u2013 Pau<\/strong>\n\ud83d\udcde 06 85 19 75 32\n\ud83d\udce7 <a data-start=\"2767\" data-end=\"2793\" rel=\"noopener\">contact@lepetitbearnais.fr<\/a><\/p>\n<\/p>\t\t\t\t<\/div>\n\t\t\t\t<\/div>\n\t\t\t\t\t<\/div>\n\t\t<\/div>\n\t\t\t\t\t<\/div>\n\t\t<\/section>\n\t\t\t\t<div class=\"elementor-element elementor-element-b71b75c elementor-widget elementor-widget-spacer\" data-id=\"b71b75c\" data-element_type=\"widget\" data-widget_type=\"spacer.default\">\n\t\t\t\t<div class=\"elementor-widget-container\">\n\t\t\t\t\t\t\t<div class=\"elementor-spacer\">\n\t\t\t<div class=\"elementor-spacer-inner\"><\/div>\n\t\t<\/div>\n\t\t\t\t\t\t<\/div>\n\t\t\t\t<\/div>\n\t\t\t\t\t<\/div>\n\t\t<\/div>\n\t\t\t\t\t<\/div>\n\t\t<\/section>\n\t\t\t\t<\/div>\n\t\t","protected":false},"excerpt":{"rendered":"<p>RGPD &#8211; COOKIES Politique de confidentialit\u00e9 &amp; gestion des cookies Le Petit B\u00e9arnais 1. Pr\u00e9ambule Chez Le Petit B\u00e9arnais, nous accordons une grande importance \u00e0 la confidentialit\u00e9 de vos donn\u00e9es. En tant qu\u2019\u00e9tablissement \u00e0 taille humaine, nous nous engageons \u00e0 respecter votre vie priv\u00e9e, conform\u00e9ment au R\u00e8glement G\u00e9n\u00e9ral sur la Protection des Donn\u00e9es (RGPD) et [&hellip;]<\/p>\n","protected":false},"author":1,"featured_media":0,"parent":0,"menu_order":0,"comment_status":"closed","ping_status":"closed","template":"","meta":{"ocean_post_layout":"full-screen","ocean_both_sidebars_style":"","ocean_both_sidebars_content_width":0,"ocean_both_sidebars_sidebars_width":0,"ocean_sidebar":"0","ocean_second_sidebar":"0","ocean_disable_margins":"on","ocean_add_body_class":"","ocean_shortcode_before_top_bar":"","ocean_shortcode_after_top_bar":"","ocean_shortcode_before_header":"","ocean_shortcode_after_header":"","ocean_has_shortcode":"","ocean_shortcode_after_title":"","ocean_shortcode_before_footer_widgets":"","ocean_shortcode_after_footer_widgets":"","ocean_shortcode_before_footer_bottom":"","ocean_shortcode_after_footer_bottom":"","ocean_display_top_bar":"default","ocean_display_header":"default","ocean_header_style":"transparent","ocean_center_header_left_menu":"0","ocean_custom_header_template":"0","ocean_custom_logo":0,"ocean_custom_retina_logo":0,"ocean_custom_logo_max_width":0,"ocean_custom_logo_tablet_max_width":0,"ocean_custom_logo_mobile_max_width":0,"ocean_custom_logo_max_height":0,"ocean_custom_logo_tablet_max_height":0,"ocean_custom_logo_mobile_max_height":0,"ocean_header_custom_menu":"0","ocean_menu_typo_font_family":"0","ocean_menu_typo_font_subset":"","ocean_menu_typo_font_size":0,"ocean_menu_typo_font_size_tablet":0,"ocean_menu_typo_font_size_mobile":0,"ocean_menu_typo_font_size_unit":"px","ocean_menu_typo_font_weight":"","ocean_menu_typo_font_weight_tablet":"","ocean_menu_typo_font_weight_mobile":"","ocean_menu_typo_transform":"","ocean_menu_typo_transform_tablet":"","ocean_menu_typo_transform_mobile":"","ocean_menu_typo_line_height":0,"ocean_menu_typo_line_height_tablet":0,"ocean_menu_typo_line_height_mobile":0,"ocean_menu_typo_line_height_unit":"","ocean_menu_typo_spacing":0,"ocean_menu_typo_spacing_tablet":0,"ocean_menu_typo_spacing_mobile":0,"ocean_menu_typo_spacing_unit":"","ocean_menu_link_color":"#ffffff","ocean_menu_link_color_hover":"#6e8fef","ocean_menu_link_color_active":"#ffffff","ocean_menu_link_background":"","ocean_menu_link_hover_background":"","ocean_menu_link_active_background":"","ocean_menu_social_links_bg":"","ocean_menu_social_hover_links_bg":"","ocean_menu_social_links_color":"#ffffff","ocean_menu_social_hover_links_color":"#6e8fef","ocean_disable_title":"on","ocean_disable_heading":"default","ocean_post_title":"","ocean_post_subheading":"","ocean_post_title_style":"","ocean_post_title_background_color":"","ocean_post_title_background":0,"ocean_post_title_bg_image_position":"","ocean_post_title_bg_image_attachment":"","ocean_post_title_bg_image_repeat":"","ocean_post_title_bg_image_size":"","ocean_post_title_height":0,"ocean_post_title_bg_overlay":0.5,"ocean_post_title_bg_overlay_color":"","ocean_disable_breadcrumbs":"off","ocean_breadcrumbs_color":"","ocean_breadcrumbs_separator_color":"","ocean_breadcrumbs_links_color":"","ocean_breadcrumbs_links_hover_color":"","ocean_display_footer_widgets":"default","ocean_display_footer_bottom":"default","ocean_custom_footer_template":"0","footnotes":""},"class_list":["post-1306","page","type-page","status-publish","hentry","entry"],"yoast_head":"<!-- This site is optimized with the Yoast SEO plugin v25.3 - https:\/\/yoast.com\/wordpress\/plugins\/seo\/ -->\n<title>RGPD - Cookies - Le Petit B\u00e9arnais<\/title>\n<meta name=\"description\" content=\"Venez d\u00e9couvrir un brunch artisanal aux saveurs locales, nich\u00e9 \u00e0 Pau avec vue sur les Pyr\u00e9n\u00e9es.\" \/>\n<meta name=\"robots\" content=\"index, follow, max-snippet:-1, max-image-preview:large, max-video-preview:-1\" \/>\n<link rel=\"canonical\" href=\"https:\/\/cm.gca-digital.fr\/CM2025-05\/rgpd-cookies\/\" \/>\n<meta property=\"og:locale\" content=\"fr_FR\" \/>\n<meta property=\"og:type\" content=\"article\" \/>\n<meta property=\"og:title\" content=\"RGPD - Cookies - Le Petit B\u00e9arnais\" \/>\n<meta property=\"og:description\" content=\"Venez d\u00e9couvrir un brunch artisanal aux saveurs locales, nich\u00e9 \u00e0 Pau avec vue sur les Pyr\u00e9n\u00e9es.\" \/>\n<meta property=\"og:url\" content=\"https:\/\/cm.gca-digital.fr\/CM2025-05\/rgpd-cookies\/\" \/>\n<meta property=\"og:site_name\" content=\"Le Petit B\u00e9arnais\" \/>\n<meta property=\"article:modified_time\" content=\"2025-06-19T12:51:42+00:00\" \/>\n<meta name=\"twitter:card\" content=\"summary_large_image\" \/>\n<meta name=\"twitter:label1\" content=\"Dur\u00e9e de lecture estim\u00e9e\" \/>\n\t<meta name=\"twitter:data1\" content=\"2 minutes\" \/>\n<script type=\"application\/ld+json\" class=\"yoast-schema-graph\">{\"@context\":\"https:\/\/schema.org\",\"@graph\":[{\"@type\":\"WebPage\",\"@id\":\"https:\/\/cm.gca-digital.fr\/CM2025-05\/rgpd-cookies\/\",\"url\":\"https:\/\/cm.gca-digital.fr\/CM2025-05\/rgpd-cookies\/\",\"name\":\"RGPD - Cookies - Le Petit B\u00e9arnais\",\"isPartOf\":{\"@id\":\"https:\/\/cm.gca-digital.fr\/CM2025-05\/#website\"},\"datePublished\":\"2025-06-19T12:51:00+00:00\",\"dateModified\":\"2025-06-19T12:51:42+00:00\",\"description\":\"Venez d\u00e9couvrir un brunch artisanal aux saveurs locales, nich\u00e9 \u00e0 Pau avec vue sur les Pyr\u00e9n\u00e9es.\",\"breadcrumb\":{\"@id\":\"https:\/\/cm.gca-digital.fr\/CM2025-05\/rgpd-cookies\/#breadcrumb\"},\"inLanguage\":\"fr-FR\",\"potentialAction\":[{\"@type\":\"ReadAction\",\"target\":[\"https:\/\/cm.gca-digital.fr\/CM2025-05\/rgpd-cookies\/\"]}]},{\"@type\":\"BreadcrumbList\",\"@id\":\"https:\/\/cm.gca-digital.fr\/CM2025-05\/rgpd-cookies\/#breadcrumb\",\"itemListElement\":[{\"@type\":\"ListItem\",\"position\":1,\"name\":\"Accueil\",\"item\":\"https:\/\/cm.gca-digital.fr\/CM2025-05\/\"},{\"@type\":\"ListItem\",\"position\":2,\"name\":\"RGPD &#8211; Cookies\"}]},{\"@type\":\"WebSite\",\"@id\":\"https:\/\/cm.gca-digital.fr\/CM2025-05\/#website\",\"url\":\"https:\/\/cm.gca-digital.fr\/CM2025-05\/\",\"name\":\"Le Petit B\u00e9arnais\",\"description\":\"Un brunch artisanal aux saveurs locales, nich\u00e9 \u00e0 Pau avec vue sur les Pyr\u00e9n\u00e9es\",\"publisher\":{\"@id\":\"https:\/\/cm.gca-digital.fr\/CM2025-05\/#organization\"},\"potentialAction\":[{\"@type\":\"SearchAction\",\"target\":{\"@type\":\"EntryPoint\",\"urlTemplate\":\"https:\/\/cm.gca-digital.fr\/CM2025-05\/?s={search_term_string}\"},\"query-input\":{\"@type\":\"PropertyValueSpecification\",\"valueRequired\":true,\"valueName\":\"search_term_string\"}}],\"inLanguage\":\"fr-FR\"},{\"@type\":\"Organization\",\"@id\":\"https:\/\/cm.gca-digital.fr\/CM2025-05\/#organization\",\"name\":\"Le Petit B\u00e9arnais\",\"url\":\"https:\/\/cm.gca-digital.fr\/CM2025-05\/\",\"logo\":{\"@type\":\"ImageObject\",\"inLanguage\":\"fr-FR\",\"@id\":\"https:\/\/cm.gca-digital.fr\/CM2025-05\/#\/schema\/logo\/image\/\",\"url\":\"https:\/\/cm.gca-digital.fr\/CM2025-05\/wp-content\/uploads\/2025\/06\/cropped-Logo-Le-Petit-Bearnais-2.png\",\"contentUrl\":\"https:\/\/cm.gca-digital.fr\/CM2025-05\/wp-content\/uploads\/2025\/06\/cropped-Logo-Le-Petit-Bearnais-2.png\",\"width\":512,\"height\":512,\"caption\":\"Le Petit B\u00e9arnais\"},\"image\":{\"@id\":\"https:\/\/cm.gca-digital.fr\/CM2025-05\/#\/schema\/logo\/image\/\"}}]}<\/script>\n<!-- \/ Yoast SEO plugin. -->","yoast_head_json":{"title":"RGPD - Cookies - Le Petit B\u00e9arnais","description":"Venez d\u00e9couvrir un brunch artisanal aux saveurs locales, nich\u00e9 \u00e0 Pau avec vue sur les Pyr\u00e9n\u00e9es.","robots":{"index":"index","follow":"follow","max-snippet":"max-snippet:-1","max-image-preview":"max-image-preview:large","max-video-preview":"max-video-preview:-1"},"canonical":"https:\/\/cm.gca-digital.fr\/CM2025-05\/rgpd-cookies\/","og_locale":"fr_FR","og_type":"article","og_title":"RGPD - Cookies - Le Petit B\u00e9arnais","og_description":"Venez d\u00e9couvrir un brunch artisanal aux saveurs locales, nich\u00e9 \u00e0 Pau avec vue sur les Pyr\u00e9n\u00e9es.","og_url":"https:\/\/cm.gca-digital.fr\/CM2025-05\/rgpd-cookies\/","og_site_name":"Le Petit B\u00e9arnais","article_modified_time":"2025-06-19T12:51:42+00:00","twitter_card":"summary_large_image","twitter_misc":{"Dur\u00e9e de lecture estim\u00e9e":"2 minutes"},"schema":{"@context":"https:\/\/schema.org","@graph":[{"@type":"WebPage","@id":"https:\/\/cm.gca-digital.fr\/CM2025-05\/rgpd-cookies\/","url":"https:\/\/cm.gca-digital.fr\/CM2025-05\/rgpd-cookies\/","name":"RGPD - Cookies - Le Petit B\u00e9arnais","isPartOf":{"@id":"https:\/\/cm.gca-digital.fr\/CM2025-05\/#website"},"datePublished":"2025-06-19T12:51:00+00:00","dateModified":"2025-06-19T12:51:42+00:00","description":"Venez d\u00e9couvrir un brunch artisanal aux saveurs locales, nich\u00e9 \u00e0 Pau avec vue sur les Pyr\u00e9n\u00e9es.","breadcrumb":{"@id":"https:\/\/cm.gca-digital.fr\/CM2025-05\/rgpd-cookies\/#breadcrumb"},"inLanguage":"fr-FR","potentialAction":[{"@type":"ReadAction","target":["https:\/\/cm.gca-digital.fr\/CM2025-05\/rgpd-cookies\/"]}]},{"@type":"BreadcrumbList","@id":"https:\/\/cm.gca-digital.fr\/CM2025-05\/rgpd-cookies\/#breadcrumb","itemListElement":[{"@type":"ListItem","position":1,"name":"Accueil","item":"https:\/\/cm.gca-digital.fr\/CM2025-05\/"},{"@type":"ListItem","position":2,"name":"RGPD &#8211; Cookies"}]},{"@type":"WebSite","@id":"https:\/\/cm.gca-digital.fr\/CM2025-05\/#website","url":"https:\/\/cm.gca-digital.fr\/CM2025-05\/","name":"Le Petit B\u00e9arnais","description":"Un brunch artisanal aux saveurs locales, nich\u00e9 \u00e0 Pau avec vue sur les Pyr\u00e9n\u00e9es","publisher":{"@id":"https:\/\/cm.gca-digital.fr\/CM2025-05\/#organization"},"potentialAction":[{"@type":"SearchAction","target":{"@type":"EntryPoint","urlTemplate":"https:\/\/cm.gca-digital.fr\/CM2025-05\/?s={search_term_string}"},"query-input":{"@type":"PropertyValueSpecification","valueRequired":true,"valueName":"search_term_string"}}],"inLanguage":"fr-FR"},{"@type":"Organization","@id":"https:\/\/cm.gca-digital.fr\/CM2025-05\/#organization","name":"Le Petit B\u00e9arnais","url":"https:\/\/cm.gca-digital.fr\/CM2025-05\/","logo":{"@type":"ImageObject","inLanguage":"fr-FR","@id":"https:\/\/cm.gca-digital.fr\/CM2025-05\/#\/schema\/logo\/image\/","url":"https:\/\/cm.gca-digital.fr\/CM2025-05\/wp-content\/uploads\/2025\/06\/cropped-Logo-Le-Petit-Bearnais-2.png","contentUrl":"https:\/\/cm.gca-digital.fr\/CM2025-05\/wp-content\/uploads\/2025\/06\/cropped-Logo-Le-Petit-Bearnais-2.png","width":512,"height":512,"caption":"Le Petit B\u00e9arnais"},"image":{"@id":"https:\/\/cm.gca-digital.fr\/CM2025-05\/#\/schema\/logo\/image\/"}}]}},"_links":{"self":[{"href":"https:\/\/cm.gca-digital.fr\/CM2025-05\/wp-json\/wp\/v2\/pages\/1306","targetHints":{"allow":["GET"]}}],"collection":[{"href":"https:\/\/cm.gca-digital.fr\/CM2025-05\/wp-json\/wp\/v2\/pages"}],"about":[{"href":"https:\/\/cm.gca-digital.fr\/CM2025-05\/wp-json\/wp\/v2\/types\/page"}],"author":[{"embeddable":true,"href":"https:\/\/cm.gca-digital.fr\/CM2025-05\/wp-json\/wp\/v2\/users\/1"}],"replies":[{"embeddable":true,"href":"https:\/\/cm.gca-digital.fr\/CM2025-05\/wp-json\/wp\/v2\/comments?post=1306"}],"version-history":[{"count":4,"href":"https:\/\/cm.gca-digital.fr\/CM2025-05\/wp-json\/wp\/v2\/pages\/1306\/revisions"}],"predecessor-version":[{"id":1312,"href":"https:\/\/cm.gca-digital.fr\/CM2025-05\/wp-json\/wp\/v2\/pages\/1306\/revisions\/1312"}],"wp:attachment":[{"href":"https:\/\/cm.gca-digital.fr\/CM2025-05\/wp-json\/wp\/v2\/media?parent=1306"}],"curies":[{"name":"wp","href":"https:\/\/api.w.org\/{rel}","templated":true}]}}