{"id":3,"date":"2025-06-18T08:45:05","date_gmt":"2025-06-18T06:45:05","guid":{"rendered":"https:\/\/cm.gca-digital.fr\/CM2025-06\/?page_id=3"},"modified":"2025-06-18T16:15:25","modified_gmt":"2025-06-18T14:15:25","slug":"rgpd-et-cgu","status":"publish","type":"page","link":"https:\/\/cm.gca-digital.fr\/CM2025-06\/rgpd-et-cgu\/","title":{"rendered":"RGPD &amp; CGU"},"content":{"rendered":"\n<h2 class=\"wp-block-heading\"><strong>Politique de confidentialit\u00e9 (RGPD)<\/strong><\/h2>\n\n\n\n<p>Le site Le Petit B\u00e9arnais collecte des donn\u00e9es personnelles uniquement via les formulaires de contact et de r\u00e9servation. Ces donn\u00e9es (nom, pr\u00e9nom, t\u00e9l\u00e9phone, email) sont utilis\u00e9es uniquement pour r\u00e9pondre aux demandes ou g\u00e9rer les r\u00e9servations.<\/p>\n\n\n\n<p>Elles ne sont ni c\u00e9d\u00e9es, ni vendues \u00e0 des tiers. Conform\u00e9ment au <strong>RGPD<\/strong>, vous disposez d\u2019un droit d\u2019acc\u00e8s, de rectification, d\u2019opposition et de suppression de vos donn\u00e9es.<br>Pour exercer vos droits, contactez-nous \u00e0 : [adresse email de contact].<\/p>\n\n\n\n<p>Cookies : Ce site utilise des cookies \u00e0 des fins de statistiques anonymes de navigation. Vous pouvez les accepter ou les refuser \u00e0 tout moment.<\/p>\n\n\n\n<hr class=\"wp-block-separator has-alpha-channel-opacity\"\/>\n\n\n\n<h2 class=\"wp-block-heading\"><strong>Conditions g\u00e9n\u00e9rales d&rsquo;utilisation (CGU)<\/strong><\/h2>\n\n\n\n<p>L\u2019acc\u00e8s au site Le Petit B\u00e9arnais est libre. L\u2019utilisateur s\u2019engage \u00e0 naviguer sur le site conform\u00e9ment aux lois en vigueur et aux pr\u00e9sentes conditions.<br>Le site peut contenir des liens vers des sites tiers sur lesquels Le Petit B\u00e9arnais n\u2019exerce aucun contr\u00f4le. L\u2019\u00e9tablissement d\u00e9cline toute responsabilit\u00e9 quant \u00e0 leur contenu.<\/p>\n","protected":false},"excerpt":{"rendered":"<p>Politique de confidentialit\u00e9 (RGPD) Le site Le Petit B\u00e9arnais collecte des donn\u00e9es personnelles uniquement via les formulaires de contact et de r\u00e9servation. Ces donn\u00e9es (nom, pr\u00e9nom, t\u00e9l\u00e9phone, email) sont utilis\u00e9es uniquement pour r\u00e9pondre aux demandes ou g\u00e9rer les r\u00e9servations. Elles ne sont ni c\u00e9d\u00e9es, ni vendues \u00e0 des tiers. Conform\u00e9ment au RGPD, vous disposez d\u2019un [&hellip;]<\/p>\n","protected":false},"author":1,"featured_media":0,"parent":0,"menu_order":0,"comment_status":"closed","ping_status":"closed","template":"","meta":{"ocean_post_layout":"","ocean_both_sidebars_style":"","ocean_both_sidebars_content_width":0,"ocean_both_sidebars_sidebars_width":0,"ocean_sidebar":"","ocean_second_sidebar":"","ocean_disable_margins":"enable","ocean_add_body_class":"","ocean_shortcode_before_top_bar":"","ocean_shortcode_after_top_bar":"","ocean_shortcode_before_header":"","ocean_shortcode_after_header":"","ocean_has_shortcode":"","ocean_shortcode_after_title":"","ocean_shortcode_before_footer_widgets":"","ocean_shortcode_after_footer_widgets":"","ocean_shortcode_before_footer_bottom":"","ocean_shortcode_after_footer_bottom":"","ocean_display_top_bar":"default","ocean_display_header":"default","ocean_header_style":"","ocean_center_header_left_menu":"","ocean_custom_header_template":"","ocean_custom_logo":0,"ocean_custom_retina_logo":0,"ocean_custom_logo_max_width":0,"ocean_custom_logo_tablet_max_width":0,"ocean_custom_logo_mobile_max_width":0,"ocean_custom_logo_max_height":0,"ocean_custom_logo_tablet_max_height":0,"ocean_custom_logo_mobile_max_height":0,"ocean_header_custom_menu":"","ocean_menu_typo_font_family":"","ocean_menu_typo_font_subset":"","ocean_menu_typo_font_size":0,"ocean_menu_typo_font_size_tablet":0,"ocean_menu_typo_font_size_mobile":0,"ocean_menu_typo_font_size_unit":"px","ocean_menu_typo_font_weight":"","ocean_menu_typo_font_weight_tablet":"","ocean_menu_typo_font_weight_mobile":"","ocean_menu_typo_transform":"","ocean_menu_typo_transform_tablet":"","ocean_menu_typo_transform_mobile":"","ocean_menu_typo_line_height":0,"ocean_menu_typo_line_height_tablet":0,"ocean_menu_typo_line_height_mobile":0,"ocean_menu_typo_line_height_unit":"","ocean_menu_typo_spacing":0,"ocean_menu_typo_spacing_tablet":0,"ocean_menu_typo_spacing_mobile":0,"ocean_menu_typo_spacing_unit":"","ocean_menu_link_color":"","ocean_menu_link_color_hover":"","ocean_menu_link_color_active":"","ocean_menu_link_background":"","ocean_menu_link_hover_background":"","ocean_menu_link_active_background":"","ocean_menu_social_links_bg":"","ocean_menu_social_hover_links_bg":"","ocean_menu_social_links_color":"","ocean_menu_social_hover_links_color":"","ocean_disable_title":"default","ocean_disable_heading":"default","ocean_post_title":"","ocean_post_subheading":"","ocean_post_title_style":"","ocean_post_title_background_color":"","ocean_post_title_background":0,"ocean_post_title_bg_image_position":"","ocean_post_title_bg_image_attachment":"","ocean_post_title_bg_image_repeat":"","ocean_post_title_bg_image_size":"","ocean_post_title_height":0,"ocean_post_title_bg_overlay":0.5,"ocean_post_title_bg_overlay_color":"","ocean_disable_breadcrumbs":"default","ocean_breadcrumbs_color":"","ocean_breadcrumbs_separator_color":"","ocean_breadcrumbs_links_color":"","ocean_breadcrumbs_links_hover_color":"","ocean_display_footer_widgets":"default","ocean_display_footer_bottom":"default","ocean_custom_footer_template":"","footnotes":""},"class_list":["post-3","page","type-page","status-publish","hentry","entry"],"yoast_head":"<!-- This site is optimized with the Yoast SEO plugin v27.4 - https:\/\/yoast.com\/product\/yoast-seo-wordpress\/ -->\n<title>RGPD &amp; CGU - Le Petit B\u00e9arnais<\/title>\n<meta name=\"robots\" content=\"index, follow, max-snippet:-1, max-image-preview:large, max-video-preview:-1\" \/>\n<link rel=\"canonical\" href=\"https:\/\/cm.gca-digital.fr\/CM2025-06\/rgpd-et-cgu\/\" \/>\n<meta property=\"og:locale\" content=\"fr_FR\" \/>\n<meta property=\"og:type\" content=\"article\" \/>\n<meta property=\"og:title\" content=\"RGPD &amp; CGU - Le Petit B\u00e9arnais\" \/>\n<meta property=\"og:description\" content=\"Politique de confidentialit\u00e9 (RGPD) Le site Le Petit B\u00e9arnais collecte des donn\u00e9es personnelles uniquement via les formulaires de contact et de r\u00e9servation. Ces donn\u00e9es (nom, pr\u00e9nom, t\u00e9l\u00e9phone, email) sont utilis\u00e9es uniquement pour r\u00e9pondre aux demandes ou g\u00e9rer les r\u00e9servations. Elles ne sont ni c\u00e9d\u00e9es, ni vendues \u00e0 des tiers. Conform\u00e9ment au RGPD, vous disposez d\u2019un [&hellip;]\" \/>\n<meta property=\"og:url\" content=\"https:\/\/cm.gca-digital.fr\/CM2025-06\/rgpd-et-cgu\/\" \/>\n<meta property=\"og:site_name\" content=\"Le Petit B\u00e9arnais\" \/>\n<meta property=\"article:modified_time\" content=\"2025-06-18T14:15:25+00:00\" \/>\n<meta name=\"twitter:card\" content=\"summary_large_image\" \/>\n<meta name=\"twitter:label1\" content=\"Dur\u00e9e de lecture estim\u00e9e\" \/>\n\t<meta name=\"twitter:data1\" content=\"1 minute\" \/>\n<script type=\"application\/ld+json\" class=\"yoast-schema-graph\">{\"@context\":\"https:\\\/\\\/schema.org\",\"@graph\":[{\"@type\":\"WebPage\",\"@id\":\"https:\\\/\\\/cm.gca-digital.fr\\\/CM2025-06\\\/rgpd-et-cgu\\\/\",\"url\":\"https:\\\/\\\/cm.gca-digital.fr\\\/CM2025-06\\\/rgpd-et-cgu\\\/\",\"name\":\"RGPD &amp; CGU - Le Petit B\u00e9arnais\",\"isPartOf\":{\"@id\":\"https:\\\/\\\/cm.gca-digital.fr\\\/CM2025-06\\\/#website\"},\"datePublished\":\"2025-06-18T06:45:05+00:00\",\"dateModified\":\"2025-06-18T14:15:25+00:00\",\"breadcrumb\":{\"@id\":\"https:\\\/\\\/cm.gca-digital.fr\\\/CM2025-06\\\/rgpd-et-cgu\\\/#breadcrumb\"},\"inLanguage\":\"fr-FR\",\"potentialAction\":[{\"@type\":\"ReadAction\",\"target\":[\"https:\\\/\\\/cm.gca-digital.fr\\\/CM2025-06\\\/rgpd-et-cgu\\\/\"]}]},{\"@type\":\"BreadcrumbList\",\"@id\":\"https:\\\/\\\/cm.gca-digital.fr\\\/CM2025-06\\\/rgpd-et-cgu\\\/#breadcrumb\",\"itemListElement\":[{\"@type\":\"ListItem\",\"position\":1,\"name\":\"Accueil\",\"item\":\"https:\\\/\\\/cm.gca-digital.fr\\\/CM2025-06\\\/\"},{\"@type\":\"ListItem\",\"position\":2,\"name\":\"RGPD &amp; CGU\"}]},{\"@type\":\"WebSite\",\"@id\":\"https:\\\/\\\/cm.gca-digital.fr\\\/CM2025-06\\\/#website\",\"url\":\"https:\\\/\\\/cm.gca-digital.fr\\\/CM2025-06\\\/\",\"name\":\"Le Petit B\u00e9arnais\",\"description\":\"\",\"publisher\":{\"@id\":\"https:\\\/\\\/cm.gca-digital.fr\\\/CM2025-06\\\/#organization\"},\"potentialAction\":[{\"@type\":\"SearchAction\",\"target\":{\"@type\":\"EntryPoint\",\"urlTemplate\":\"https:\\\/\\\/cm.gca-digital.fr\\\/CM2025-06\\\/?s={search_term_string}\"},\"query-input\":{\"@type\":\"PropertyValueSpecification\",\"valueRequired\":true,\"valueName\":\"search_term_string\"}}],\"inLanguage\":\"fr-FR\"},{\"@type\":\"Organization\",\"@id\":\"https:\\\/\\\/cm.gca-digital.fr\\\/CM2025-06\\\/#organization\",\"name\":\"Le Petit B\u00e9arnais\",\"url\":\"https:\\\/\\\/cm.gca-digital.fr\\\/CM2025-06\\\/\",\"logo\":{\"@type\":\"ImageObject\",\"inLanguage\":\"fr-FR\",\"@id\":\"https:\\\/\\\/cm.gca-digital.fr\\\/CM2025-06\\\/#\\\/schema\\\/logo\\\/image\\\/\",\"url\":\"https:\\\/\\\/cm.gca-digital.fr\\\/CM2025-06\\\/wp-content\\\/uploads\\\/2025\\\/06\\\/Logo-Le-Petit-Bearnais.jpg\",\"contentUrl\":\"https:\\\/\\\/cm.gca-digital.fr\\\/CM2025-06\\\/wp-content\\\/uploads\\\/2025\\\/06\\\/Logo-Le-Petit-Bearnais.jpg\",\"width\":1024,\"height\":1024,\"caption\":\"Le Petit B\u00e9arnais\"},\"image\":{\"@id\":\"https:\\\/\\\/cm.gca-digital.fr\\\/CM2025-06\\\/#\\\/schema\\\/logo\\\/image\\\/\"}}]}<\/script>\n<!-- \/ Yoast SEO plugin. -->","yoast_head_json":{"title":"RGPD &amp; CGU - Le Petit B\u00e9arnais","robots":{"index":"index","follow":"follow","max-snippet":"max-snippet:-1","max-image-preview":"max-image-preview:large","max-video-preview":"max-video-preview:-1"},"canonical":"https:\/\/cm.gca-digital.fr\/CM2025-06\/rgpd-et-cgu\/","og_locale":"fr_FR","og_type":"article","og_title":"RGPD &amp; CGU - Le Petit B\u00e9arnais","og_description":"Politique de confidentialit\u00e9 (RGPD) Le site Le Petit B\u00e9arnais collecte des donn\u00e9es personnelles uniquement via les formulaires de contact et de r\u00e9servation. Ces donn\u00e9es (nom, pr\u00e9nom, t\u00e9l\u00e9phone, email) sont utilis\u00e9es uniquement pour r\u00e9pondre aux demandes ou g\u00e9rer les r\u00e9servations. Elles ne sont ni c\u00e9d\u00e9es, ni vendues \u00e0 des tiers. Conform\u00e9ment au RGPD, vous disposez d\u2019un [&hellip;]","og_url":"https:\/\/cm.gca-digital.fr\/CM2025-06\/rgpd-et-cgu\/","og_site_name":"Le Petit B\u00e9arnais","article_modified_time":"2025-06-18T14:15:25+00:00","twitter_card":"summary_large_image","twitter_misc":{"Dur\u00e9e de lecture estim\u00e9e":"1 minute"},"schema":{"@context":"https:\/\/schema.org","@graph":[{"@type":"WebPage","@id":"https:\/\/cm.gca-digital.fr\/CM2025-06\/rgpd-et-cgu\/","url":"https:\/\/cm.gca-digital.fr\/CM2025-06\/rgpd-et-cgu\/","name":"RGPD &amp; CGU - Le Petit B\u00e9arnais","isPartOf":{"@id":"https:\/\/cm.gca-digital.fr\/CM2025-06\/#website"},"datePublished":"2025-06-18T06:45:05+00:00","dateModified":"2025-06-18T14:15:25+00:00","breadcrumb":{"@id":"https:\/\/cm.gca-digital.fr\/CM2025-06\/rgpd-et-cgu\/#breadcrumb"},"inLanguage":"fr-FR","potentialAction":[{"@type":"ReadAction","target":["https:\/\/cm.gca-digital.fr\/CM2025-06\/rgpd-et-cgu\/"]}]},{"@type":"BreadcrumbList","@id":"https:\/\/cm.gca-digital.fr\/CM2025-06\/rgpd-et-cgu\/#breadcrumb","itemListElement":[{"@type":"ListItem","position":1,"name":"Accueil","item":"https:\/\/cm.gca-digital.fr\/CM2025-06\/"},{"@type":"ListItem","position":2,"name":"RGPD &amp; CGU"}]},{"@type":"WebSite","@id":"https:\/\/cm.gca-digital.fr\/CM2025-06\/#website","url":"https:\/\/cm.gca-digital.fr\/CM2025-06\/","name":"Le Petit B\u00e9arnais","description":"","publisher":{"@id":"https:\/\/cm.gca-digital.fr\/CM2025-06\/#organization"},"potentialAction":[{"@type":"SearchAction","target":{"@type":"EntryPoint","urlTemplate":"https:\/\/cm.gca-digital.fr\/CM2025-06\/?s={search_term_string}"},"query-input":{"@type":"PropertyValueSpecification","valueRequired":true,"valueName":"search_term_string"}}],"inLanguage":"fr-FR"},{"@type":"Organization","@id":"https:\/\/cm.gca-digital.fr\/CM2025-06\/#organization","name":"Le Petit B\u00e9arnais","url":"https:\/\/cm.gca-digital.fr\/CM2025-06\/","logo":{"@type":"ImageObject","inLanguage":"fr-FR","@id":"https:\/\/cm.gca-digital.fr\/CM2025-06\/#\/schema\/logo\/image\/","url":"https:\/\/cm.gca-digital.fr\/CM2025-06\/wp-content\/uploads\/2025\/06\/Logo-Le-Petit-Bearnais.jpg","contentUrl":"https:\/\/cm.gca-digital.fr\/CM2025-06\/wp-content\/uploads\/2025\/06\/Logo-Le-Petit-Bearnais.jpg","width":1024,"height":1024,"caption":"Le Petit B\u00e9arnais"},"image":{"@id":"https:\/\/cm.gca-digital.fr\/CM2025-06\/#\/schema\/logo\/image\/"}}]}},"_links":{"self":[{"href":"https:\/\/cm.gca-digital.fr\/CM2025-06\/wp-json\/wp\/v2\/pages\/3","targetHints":{"allow":["GET"]}}],"collection":[{"href":"https:\/\/cm.gca-digital.fr\/CM2025-06\/wp-json\/wp\/v2\/pages"}],"about":[{"href":"https:\/\/cm.gca-digital.fr\/CM2025-06\/wp-json\/wp\/v2\/types\/page"}],"author":[{"embeddable":true,"href":"https:\/\/cm.gca-digital.fr\/CM2025-06\/wp-json\/wp\/v2\/users\/1"}],"replies":[{"embeddable":true,"href":"https:\/\/cm.gca-digital.fr\/CM2025-06\/wp-json\/wp\/v2\/comments?post=3"}],"version-history":[{"count":1,"href":"https:\/\/cm.gca-digital.fr\/CM2025-06\/wp-json\/wp\/v2\/pages\/3\/revisions"}],"predecessor-version":[{"id":1115,"href":"https:\/\/cm.gca-digital.fr\/CM2025-06\/wp-json\/wp\/v2\/pages\/3\/revisions\/1115"}],"wp:attachment":[{"href":"https:\/\/cm.gca-digital.fr\/CM2025-06\/wp-json\/wp\/v2\/media?parent=3"}],"curies":[{"name":"wp","href":"https:\/\/api.w.org\/{rel}","templated":true}]}}