{"id":828,"date":"2025-06-18T13:51:25","date_gmt":"2025-06-18T11:51:25","guid":{"rendered":"https:\/\/cm.gca-digital.fr\/CM2025-06\/?page_id=828"},"modified":"2025-06-19T16:08:24","modified_gmt":"2025-06-19T14:08:24","slug":"mentions-legales","status":"publish","type":"page","link":"https:\/\/cm.gca-digital.fr\/CM2025-06\/mentions-legales\/","title":{"rendered":"Mentions l\u00e9gales"},"content":{"rendered":"\n<h2 class=\"wp-block-heading\"><\/h2>\n\n\n\n<p><strong>\u00c9diteur du site :<\/strong><br>Le Petit B\u00e9arnais<br>22 boulevard des Pyr\u00e9n\u00e9es, 64000 Pau<br>Email : [adresse email du contact]<br>T\u00e9l\u00e9phone : [num\u00e9ro de t\u00e9l\u00e9phone]<br>SIRET : [num\u00e9ro SIRET]<br>Responsable de la publication : [Nom et pr\u00e9nom du g\u00e9rant]<\/p>\n\n\n\n<p><strong>H\u00e9bergement du site :<\/strong><br>[Nom de l\u2019h\u00e9bergeur (ex : o2switch, OVH, etc.)]<br>Adresse de l\u2019h\u00e9bergeur : [Adresse postale de l\u2019h\u00e9bergeur]<br>T\u00e9l\u00e9phone : [num\u00e9ro de l\u2019h\u00e9bergeur]<\/p>\n\n\n\n<p><strong>Propri\u00e9t\u00e9 intellectuelle :<\/strong><br>L\u2019ensemble des contenus (textes, images, logos, etc.) pr\u00e9sents sur ce site sont la propri\u00e9t\u00e9 exclusive de Le Petit B\u00e9arnais.  Le cas \u00e9ch\u00e9ant, la propri\u00e9t\u00e9 des images est mentionn\u00e9 directement sur celles-ci. Toute reproduction, repr\u00e9sentation ou diffusion, m\u00eame partielle, est interdite sans autorisation \u00e9crite pr\u00e9alable.<\/p>\n","protected":false},"excerpt":{"rendered":"<p>\u00c9diteur du site :Le Petit B\u00e9arnais22 boulevard des Pyr\u00e9n\u00e9es, 64000 PauEmail : [adresse email du contact]T\u00e9l\u00e9phone : [num\u00e9ro de t\u00e9l\u00e9phone]SIRET : [num\u00e9ro SIRET]Responsable de la publication : [Nom et pr\u00e9nom du g\u00e9rant] H\u00e9bergement du site :[Nom de l\u2019h\u00e9bergeur (ex : o2switch, OVH, etc.)]Adresse de l\u2019h\u00e9bergeur : [Adresse postale de l\u2019h\u00e9bergeur]T\u00e9l\u00e9phone : [num\u00e9ro de l\u2019h\u00e9bergeur] Propri\u00e9t\u00e9 [&hellip;]<\/p>\n","protected":false},"author":1,"featured_media":0,"parent":0,"menu_order":0,"comment_status":"closed","ping_status":"closed","template":"","meta":{"ocean_post_layout":"","ocean_both_sidebars_style":"","ocean_both_sidebars_content_width":0,"ocean_both_sidebars_sidebars_width":0,"ocean_sidebar":"","ocean_second_sidebar":"","ocean_disable_margins":"enable","ocean_add_body_class":"","ocean_shortcode_before_top_bar":"","ocean_shortcode_after_top_bar":"","ocean_shortcode_before_header":"","ocean_shortcode_after_header":"","ocean_has_shortcode":"","ocean_shortcode_after_title":"","ocean_shortcode_before_footer_widgets":"","ocean_shortcode_after_footer_widgets":"","ocean_shortcode_before_footer_bottom":"","ocean_shortcode_after_footer_bottom":"","ocean_display_top_bar":"default","ocean_display_header":"default","ocean_header_style":"","ocean_center_header_left_menu":"","ocean_custom_header_template":"","ocean_custom_logo":0,"ocean_custom_retina_logo":0,"ocean_custom_logo_max_width":0,"ocean_custom_logo_tablet_max_width":0,"ocean_custom_logo_mobile_max_width":0,"ocean_custom_logo_max_height":0,"ocean_custom_logo_tablet_max_height":0,"ocean_custom_logo_mobile_max_height":0,"ocean_header_custom_menu":"","ocean_menu_typo_font_family":"","ocean_menu_typo_font_subset":"","ocean_menu_typo_font_size":0,"ocean_menu_typo_font_size_tablet":0,"ocean_menu_typo_font_size_mobile":0,"ocean_menu_typo_font_size_unit":"px","ocean_menu_typo_font_weight":"","ocean_menu_typo_font_weight_tablet":"","ocean_menu_typo_font_weight_mobile":"","ocean_menu_typo_transform":"","ocean_menu_typo_transform_tablet":"","ocean_menu_typo_transform_mobile":"","ocean_menu_typo_line_height":0,"ocean_menu_typo_line_height_tablet":0,"ocean_menu_typo_line_height_mobile":0,"ocean_menu_typo_line_height_unit":"","ocean_menu_typo_spacing":0,"ocean_menu_typo_spacing_tablet":0,"ocean_menu_typo_spacing_mobile":0,"ocean_menu_typo_spacing_unit":"","ocean_menu_link_color":"","ocean_menu_link_color_hover":"","ocean_menu_link_color_active":"","ocean_menu_link_background":"","ocean_menu_link_hover_background":"","ocean_menu_link_active_background":"","ocean_menu_social_links_bg":"","ocean_menu_social_hover_links_bg":"","ocean_menu_social_links_color":"","ocean_menu_social_hover_links_color":"","ocean_disable_title":"default","ocean_disable_heading":"default","ocean_post_title":"","ocean_post_subheading":"","ocean_post_title_style":"","ocean_post_title_background_color":"","ocean_post_title_background":0,"ocean_post_title_bg_image_position":"","ocean_post_title_bg_image_attachment":"","ocean_post_title_bg_image_repeat":"","ocean_post_title_bg_image_size":"","ocean_post_title_height":0,"ocean_post_title_bg_overlay":0.5,"ocean_post_title_bg_overlay_color":"","ocean_disable_breadcrumbs":"default","ocean_breadcrumbs_color":"","ocean_breadcrumbs_separator_color":"","ocean_breadcrumbs_links_color":"","ocean_breadcrumbs_links_hover_color":"","ocean_display_footer_widgets":"default","ocean_display_footer_bottom":"default","ocean_custom_footer_template":"","footnotes":""},"class_list":["post-828","page","type-page","status-publish","hentry","entry"],"yoast_head":"<!-- This site is optimized with the Yoast SEO plugin v27.4 - https:\/\/yoast.com\/product\/yoast-seo-wordpress\/ -->\n<title>Mentions l\u00e9gales - Le Petit B\u00e9arnais<\/title>\n<meta name=\"robots\" content=\"index, follow, max-snippet:-1, max-image-preview:large, max-video-preview:-1\" \/>\n<link rel=\"canonical\" href=\"https:\/\/cm.gca-digital.fr\/CM2025-06\/mentions-legales\/\" \/>\n<meta property=\"og:locale\" content=\"fr_FR\" \/>\n<meta property=\"og:type\" content=\"article\" \/>\n<meta property=\"og:title\" content=\"Mentions l\u00e9gales - Le Petit B\u00e9arnais\" \/>\n<meta property=\"og:description\" content=\"\u00c9diteur du site :Le Petit B\u00e9arnais22 boulevard des Pyr\u00e9n\u00e9es, 64000 PauEmail : [adresse email du contact]T\u00e9l\u00e9phone : [num\u00e9ro de t\u00e9l\u00e9phone]SIRET : [num\u00e9ro SIRET]Responsable de la publication : [Nom et pr\u00e9nom du g\u00e9rant] H\u00e9bergement du site :[Nom de l\u2019h\u00e9bergeur (ex : o2switch, OVH, etc.)]Adresse de l\u2019h\u00e9bergeur : [Adresse postale de l\u2019h\u00e9bergeur]T\u00e9l\u00e9phone : [num\u00e9ro de l\u2019h\u00e9bergeur] Propri\u00e9t\u00e9 [&hellip;]\" \/>\n<meta property=\"og:url\" content=\"https:\/\/cm.gca-digital.fr\/CM2025-06\/mentions-legales\/\" \/>\n<meta property=\"og:site_name\" content=\"Le Petit B\u00e9arnais\" \/>\n<meta property=\"article:modified_time\" content=\"2025-06-19T14:08:24+00:00\" \/>\n<meta name=\"twitter:card\" content=\"summary_large_image\" \/>\n<meta name=\"twitter:label1\" content=\"Dur\u00e9e de lecture estim\u00e9e\" \/>\n\t<meta name=\"twitter:data1\" content=\"1 minute\" \/>\n<script type=\"application\/ld+json\" class=\"yoast-schema-graph\">{\"@context\":\"https:\\\/\\\/schema.org\",\"@graph\":[{\"@type\":\"WebPage\",\"@id\":\"https:\\\/\\\/cm.gca-digital.fr\\\/CM2025-06\\\/mentions-legales\\\/\",\"url\":\"https:\\\/\\\/cm.gca-digital.fr\\\/CM2025-06\\\/mentions-legales\\\/\",\"name\":\"Mentions l\u00e9gales - Le Petit B\u00e9arnais\",\"isPartOf\":{\"@id\":\"https:\\\/\\\/cm.gca-digital.fr\\\/CM2025-06\\\/#website\"},\"datePublished\":\"2025-06-18T11:51:25+00:00\",\"dateModified\":\"2025-06-19T14:08:24+00:00\",\"breadcrumb\":{\"@id\":\"https:\\\/\\\/cm.gca-digital.fr\\\/CM2025-06\\\/mentions-legales\\\/#breadcrumb\"},\"inLanguage\":\"fr-FR\",\"potentialAction\":[{\"@type\":\"ReadAction\",\"target\":[\"https:\\\/\\\/cm.gca-digital.fr\\\/CM2025-06\\\/mentions-legales\\\/\"]}]},{\"@type\":\"BreadcrumbList\",\"@id\":\"https:\\\/\\\/cm.gca-digital.fr\\\/CM2025-06\\\/mentions-legales\\\/#breadcrumb\",\"itemListElement\":[{\"@type\":\"ListItem\",\"position\":1,\"name\":\"Accueil\",\"item\":\"https:\\\/\\\/cm.gca-digital.fr\\\/CM2025-06\\\/\"},{\"@type\":\"ListItem\",\"position\":2,\"name\":\"Mentions l\u00e9gales\"}]},{\"@type\":\"WebSite\",\"@id\":\"https:\\\/\\\/cm.gca-digital.fr\\\/CM2025-06\\\/#website\",\"url\":\"https:\\\/\\\/cm.gca-digital.fr\\\/CM2025-06\\\/\",\"name\":\"Le Petit B\u00e9arnais\",\"description\":\"\",\"publisher\":{\"@id\":\"https:\\\/\\\/cm.gca-digital.fr\\\/CM2025-06\\\/#organization\"},\"potentialAction\":[{\"@type\":\"SearchAction\",\"target\":{\"@type\":\"EntryPoint\",\"urlTemplate\":\"https:\\\/\\\/cm.gca-digital.fr\\\/CM2025-06\\\/?s={search_term_string}\"},\"query-input\":{\"@type\":\"PropertyValueSpecification\",\"valueRequired\":true,\"valueName\":\"search_term_string\"}}],\"inLanguage\":\"fr-FR\"},{\"@type\":\"Organization\",\"@id\":\"https:\\\/\\\/cm.gca-digital.fr\\\/CM2025-06\\\/#organization\",\"name\":\"Le Petit B\u00e9arnais\",\"url\":\"https:\\\/\\\/cm.gca-digital.fr\\\/CM2025-06\\\/\",\"logo\":{\"@type\":\"ImageObject\",\"inLanguage\":\"fr-FR\",\"@id\":\"https:\\\/\\\/cm.gca-digital.fr\\\/CM2025-06\\\/#\\\/schema\\\/logo\\\/image\\\/\",\"url\":\"https:\\\/\\\/cm.gca-digital.fr\\\/CM2025-06\\\/wp-content\\\/uploads\\\/2025\\\/06\\\/Logo-Le-Petit-Bearnais.jpg\",\"contentUrl\":\"https:\\\/\\\/cm.gca-digital.fr\\\/CM2025-06\\\/wp-content\\\/uploads\\\/2025\\\/06\\\/Logo-Le-Petit-Bearnais.jpg\",\"width\":1024,\"height\":1024,\"caption\":\"Le Petit B\u00e9arnais\"},\"image\":{\"@id\":\"https:\\\/\\\/cm.gca-digital.fr\\\/CM2025-06\\\/#\\\/schema\\\/logo\\\/image\\\/\"}}]}<\/script>\n<!-- \/ Yoast SEO plugin. -->","yoast_head_json":{"title":"Mentions l\u00e9gales - Le Petit B\u00e9arnais","robots":{"index":"index","follow":"follow","max-snippet":"max-snippet:-1","max-image-preview":"max-image-preview:large","max-video-preview":"max-video-preview:-1"},"canonical":"https:\/\/cm.gca-digital.fr\/CM2025-06\/mentions-legales\/","og_locale":"fr_FR","og_type":"article","og_title":"Mentions l\u00e9gales - Le Petit B\u00e9arnais","og_description":"\u00c9diteur du site :Le Petit B\u00e9arnais22 boulevard des Pyr\u00e9n\u00e9es, 64000 PauEmail : [adresse email du contact]T\u00e9l\u00e9phone : [num\u00e9ro de t\u00e9l\u00e9phone]SIRET : [num\u00e9ro SIRET]Responsable de la publication : [Nom et pr\u00e9nom du g\u00e9rant] H\u00e9bergement du site :[Nom de l\u2019h\u00e9bergeur (ex : o2switch, OVH, etc.)]Adresse de l\u2019h\u00e9bergeur : [Adresse postale de l\u2019h\u00e9bergeur]T\u00e9l\u00e9phone : [num\u00e9ro de l\u2019h\u00e9bergeur] Propri\u00e9t\u00e9 [&hellip;]","og_url":"https:\/\/cm.gca-digital.fr\/CM2025-06\/mentions-legales\/","og_site_name":"Le Petit B\u00e9arnais","article_modified_time":"2025-06-19T14:08:24+00:00","twitter_card":"summary_large_image","twitter_misc":{"Dur\u00e9e de lecture estim\u00e9e":"1 minute"},"schema":{"@context":"https:\/\/schema.org","@graph":[{"@type":"WebPage","@id":"https:\/\/cm.gca-digital.fr\/CM2025-06\/mentions-legales\/","url":"https:\/\/cm.gca-digital.fr\/CM2025-06\/mentions-legales\/","name":"Mentions l\u00e9gales - Le Petit B\u00e9arnais","isPartOf":{"@id":"https:\/\/cm.gca-digital.fr\/CM2025-06\/#website"},"datePublished":"2025-06-18T11:51:25+00:00","dateModified":"2025-06-19T14:08:24+00:00","breadcrumb":{"@id":"https:\/\/cm.gca-digital.fr\/CM2025-06\/mentions-legales\/#breadcrumb"},"inLanguage":"fr-FR","potentialAction":[{"@type":"ReadAction","target":["https:\/\/cm.gca-digital.fr\/CM2025-06\/mentions-legales\/"]}]},{"@type":"BreadcrumbList","@id":"https:\/\/cm.gca-digital.fr\/CM2025-06\/mentions-legales\/#breadcrumb","itemListElement":[{"@type":"ListItem","position":1,"name":"Accueil","item":"https:\/\/cm.gca-digital.fr\/CM2025-06\/"},{"@type":"ListItem","position":2,"name":"Mentions l\u00e9gales"}]},{"@type":"WebSite","@id":"https:\/\/cm.gca-digital.fr\/CM2025-06\/#website","url":"https:\/\/cm.gca-digital.fr\/CM2025-06\/","name":"Le Petit B\u00e9arnais","description":"","publisher":{"@id":"https:\/\/cm.gca-digital.fr\/CM2025-06\/#organization"},"potentialAction":[{"@type":"SearchAction","target":{"@type":"EntryPoint","urlTemplate":"https:\/\/cm.gca-digital.fr\/CM2025-06\/?s={search_term_string}"},"query-input":{"@type":"PropertyValueSpecification","valueRequired":true,"valueName":"search_term_string"}}],"inLanguage":"fr-FR"},{"@type":"Organization","@id":"https:\/\/cm.gca-digital.fr\/CM2025-06\/#organization","name":"Le Petit B\u00e9arnais","url":"https:\/\/cm.gca-digital.fr\/CM2025-06\/","logo":{"@type":"ImageObject","inLanguage":"fr-FR","@id":"https:\/\/cm.gca-digital.fr\/CM2025-06\/#\/schema\/logo\/image\/","url":"https:\/\/cm.gca-digital.fr\/CM2025-06\/wp-content\/uploads\/2025\/06\/Logo-Le-Petit-Bearnais.jpg","contentUrl":"https:\/\/cm.gca-digital.fr\/CM2025-06\/wp-content\/uploads\/2025\/06\/Logo-Le-Petit-Bearnais.jpg","width":1024,"height":1024,"caption":"Le Petit B\u00e9arnais"},"image":{"@id":"https:\/\/cm.gca-digital.fr\/CM2025-06\/#\/schema\/logo\/image\/"}}]}},"_links":{"self":[{"href":"https:\/\/cm.gca-digital.fr\/CM2025-06\/wp-json\/wp\/v2\/pages\/828","targetHints":{"allow":["GET"]}}],"collection":[{"href":"https:\/\/cm.gca-digital.fr\/CM2025-06\/wp-json\/wp\/v2\/pages"}],"about":[{"href":"https:\/\/cm.gca-digital.fr\/CM2025-06\/wp-json\/wp\/v2\/types\/page"}],"author":[{"embeddable":true,"href":"https:\/\/cm.gca-digital.fr\/CM2025-06\/wp-json\/wp\/v2\/users\/1"}],"replies":[{"embeddable":true,"href":"https:\/\/cm.gca-digital.fr\/CM2025-06\/wp-json\/wp\/v2\/comments?post=828"}],"version-history":[{"count":2,"href":"https:\/\/cm.gca-digital.fr\/CM2025-06\/wp-json\/wp\/v2\/pages\/828\/revisions"}],"predecessor-version":[{"id":1451,"href":"https:\/\/cm.gca-digital.fr\/CM2025-06\/wp-json\/wp\/v2\/pages\/828\/revisions\/1451"}],"wp:attachment":[{"href":"https:\/\/cm.gca-digital.fr\/CM2025-06\/wp-json\/wp\/v2\/media?parent=828"}],"curies":[{"name":"wp","href":"https:\/\/api.w.org\/{rel}","templated":true}]}}